{"id":12692,"date":"2021-06-15T01:36:32","date_gmt":"2021-06-15T09:36:32","guid":{"rendered":"https:\/\/jialifu.vn\/?page_id=12692"},"modified":"2024-03-23T16:38:11","modified_gmt":"2024-03-23T08:38:11","slug":"vach-ngan-ve-sinh-hpl-pvc","status":"publish","type":"page","link":"https:\/\/www.jialifu.vn\/vi\/vach-ngan-ve-sinh-hpl-pvc\/","title":{"rendered":"T\u1ee7 v\u1ec7 sinh HPL PVC"},"content":{"rendered":"<h1>\n\t\tT\u1ee7 v\u1ec7 sinh HPL PVC\n\t<\/h1>\n<h4>\n\t\tL\u1ef0A CH\u1eccN CH\u1ed0NG TH\u1ea4M T\u1ed0T NH\u1ea4T\n\t<\/h4>\n\t<p>Th\u00edch h\u1ee3p cho khu v\u1ef1c \u1ea9m \u01b0\u1edbt, \u0111\u1eb7c bi\u1ec7t l\u00e0 ph\u00f2ng t\u1eafm v\u1edbi gi\u00e1 c\u1ea3 c\u1ea1nh tranh.<\/p>\n\t\t\t<a href=\"https:\/\/www.jialifu.vn\/vi\/lien-lac\/\" target=\"_blank\" rel=\"noopener nofollow\">\n\t\t\t\t\t\t\tNh\u1eadn c\u00e1i n\u00e0y ngay h\u00f4m nay\n\t\t\t<\/a>\n\t\t\t\t<img decoding=\"async\" src=\"https:\/\/jialifu.vn\/wp-content\/uploads\/2021\/06\/PVC-Toilet-Cubicle.jpg\" alt=\"T\u1ee7 v\u1ec7 sinh PVC\" itemprop=\"image\" title=\"T\u1ee7 v\u1ec7 sinh PVC\" onerror=\"this.style.display='none'\"  \/>\n\t\t\t\t<a href=\"https:\/\/www.jialifu.vn\/wp-content\/uploads\/2021\/06\/PVC-toilet-cubicle-1-1.jpg\" target=\"_self\" itemprop=\"url\" rel=\"noopener\">\n\t\t\t\t<img decoding=\"async\" src=\"https:\/\/jialifu.vn\/wp-content\/uploads\/2021\/06\/PVC-toilet-cubicle-1-1.jpg\" alt=\"v\u00e1ch ng\u0103n v\u1ec7 sinh PVC 1\" itemprop=\"image\" title=\"v\u00e1ch ng\u0103n v\u1ec7 sinh PVC 1\" onerror=\"this.style.display='none'\"  \/>\n\t\t\t\t<\/a>\n\t\t\t\t<a href=\"https:\/\/www.jialifu.vn\/wp-content\/uploads\/2021\/06\/PVC-toilet-cubicle-2-1.jpg\" target=\"_self\" itemprop=\"url\" rel=\"noopener\">\n\t\t\t\t<img decoding=\"async\" src=\"https:\/\/jialifu.vn\/wp-content\/uploads\/2021\/06\/PVC-toilet-cubicle-2-1.jpg\" alt=\"V\u00e1ch v\u1ec7 sinh PVC 2\" itemprop=\"image\" title=\"V\u00e1ch v\u1ec7 sinh PVC 2\" onerror=\"this.style.display='none'\"  \/>\n\t\t\t\t<\/a>\n\t\t\t\t<img decoding=\"async\" src=\"https:\/\/jialifu.vn\/wp-content\/uploads\/2021\/06\/PVC-toilet-cubicle-3-1.jpg\" alt=\"v\u00e1ch ng\u0103n v\u1ec7 sinh PVC 3\" itemprop=\"image\" title=\"v\u00e1ch ng\u0103n v\u1ec7 sinh PVC 3\" onerror=\"this.style.display='none'\"  \/>\n<h6>\n\t\tKh\u00f4ng th\u1ea5m n\u01b0\u1edbc\n\t<\/h6>\n<h6>\n\t\tKh\u1ea3 n\u0103ng ch\u1ed1ng x\u01b0\u1edbc\n\t<\/h6>\n<h6>\n\t\tv\u00f4 h\u1ea1i\n\t<\/h6>\n<h6>\n\t\tM\u00f4i tr\u01b0\u1eddng\n\t<\/h6>\n<h6>\n\t\tCh\u1ed1ng ch\u00e1y\n\t<\/h6>\n<h6>\n\t\tD\u1ec5 d\u00e0ng l\u00e0m s\u1ea1ch\n\t<\/h6>\n\t\t\t\t<img decoding=\"async\" src=\"https:\/\/jialifu.vn\/wp-content\/uploads\/2021\/06\/HPL-PVC.jpg\" alt=\"HPL PVC\" itemprop=\"image\" title=\"HPL PVC\" onerror=\"this.style.display='none'\"  \/>\n<h2>\n\t\tB\u1ea3ng HPL-PVC\n\t<\/h2>\n\t<p>V\u00e1n Jialifu HPL-PVC l\u00e0 v\u1eadt li\u1ec7u m\u1edbi ti\u1ebft ki\u1ec7m n\u0103ng l\u01b0\u1ee3ng v\u00e0 th\u00e2n thi\u1ec7n v\u1edbi m\u00f4i tr\u01b0\u1eddng, bao g\u1ed3m v\u00e1n nh\u1ef1a PVC v\u00e0 veneer HPL 1mm. V\u1edbi c\u00e1c t\u00ednh n\u0103ng nh\u01b0 k\u1ebft c\u1ea5u nh\u1eb9, c\u00f3 th\u1ec3 t\u00e1i ch\u1ebf v\u00e0 kh\u00f4ng bi\u1ebfn d\u1ea1ng. \u0110\u1ed3ng th\u1eddi, n\u00f3 c\u00f2n \u0111\u01b0\u1ee3c ch\u1ee9ng minh l\u00e0 c\u00f3 kh\u1ea3 n\u0103ng ch\u1ed1ng \u1ea9m, ch\u1ed1ng ch\u1ea5t b\u1ea3o qu\u1ea3n, ch\u1ed1ng n\u1ea5m m\u1ed1c, ch\u1ed1ng ch\u00e1y, d\u1ec5 lau ch\u00f9i v\u00e0 b\u1ea3o tr\u00ec, ch\u1ed1ng tr\u1ea7y x\u01b0\u1edbc, kh\u00f4ng phai m\u00e0u n\u00ean \u0111\u01b0\u1ee3c s\u1eed d\u1ee5ng r\u1ed9ng r\u00e3i l\u00e0m v\u00e1ch ng\u0103n nh\u00e0 v\u1ec7 sinh v\u00e0 ph\u00f2ng t\u1eafm.<\/p>\n<p><strong>\u0110\u1ed9 d\u00e0y c\u00f3 s\u1eb5n: 18mm, 27mm, 37mm<\/strong><\/p>\n<h2>\n\t\tTh\u00f4ng s\u1ed1 k\u1ef9 thu\u1eadt c\u00f3 th\u1ec3 t\u00f9y ch\u1ec9nh\n\t<\/h2>\n\t\t\t\t\tMax Height\n\t\t\t\t\t4,200mm\t\t\t\t\n\t\t\t\t\tMax Depth\n\t\t\t\t\t1,800mm+\t\t\t\t\n<h2>\n\t\tPhong c\u00e1ch c\u1ed5 \u0111i\u1ec3n\n\t<\/h2>\n\t\t\t\t<img decoding=\"async\" src=\"https:\/\/jialifu.vn\/wp-content\/uploads\/2021\/06\/Headrail-Braced-Toilet-Cubicle.jpg\" alt=\"Bu\u1ed3ng v\u1ec7 sinh c\u00f3 thanh gi\u1eb1ng \u0111\u1ea7u lan can\" itemprop=\"image\" title=\"Bu\u1ed3ng v\u1ec7 sinh c\u00f3 thanh gi\u1eb1ng \u0111\u1ea7u lan can\" onerror=\"this.style.display='none'\"  \/>\n\t<h3>\n\t\t\t\t\tlan can gi\u1eb1ng\n\t\t\t\t<\/h3>\n\t\t\t<p><strong>Chi\u1ec1u cao t\u1ed5ng th\u1ec3:<\/strong> 2100\/2400mm, c\u00f3 s\u1eb5n chi\u1ec1u cao ri\u00eang<strong>\u0110\u1ec1 xu\u1ea5t \u0111\u1ed9 s\u00e2u:<\/strong> 1500-1800mm<br \/><strong>Gi\u1ea3i ph\u00f3ng m\u1eb7t b\u1eb1ng:<\/strong> t\u1ed1i thi\u1ec3u 24mm <strong>X\u1eed l\u00fd c\u1ea1nh:<\/strong> H\u1ed3 s\u01a1 nh\u00f4m<strong>Ph\u1ea7n c\u1ee9ng<\/strong>Aluminum\/S.S. headrailS.S. universal hinges on the top&amp;bottom of doors.(Hidden)HPL strip will be inserted into the partitions.Indicator bolt with emergency release facility and keep.<strong>B\u1ec7 \u0111\u1ee1<\/strong>1. Adjustable stainless steel leg with brushed finish in 100mm\/150mm height<br \/>2. S.S. skirting with brushed finish (customized height)<br \/>3. Ng\u1ed3i tr\u1ef1c ti\u1ebfp tr\u00ean m\u1eb7t \u0111\u1ea5t<\/p>\t\t\n\t\t\t\t<img decoding=\"async\" src=\"https:\/\/jialifu.vn\/wp-content\/uploads\/2021\/06\/Floor-to-Ceiling-Toilet-Cubicle.jpg\" alt=\"T\u1ee7 v\u1ec7 sinh t\u1eeb s\u00e0n \u0111\u1ebfn tr\u1ea7n\" itemprop=\"image\" title=\"T\u1ee7 v\u1ec7 sinh t\u1eeb s\u00e0n \u0111\u1ebfn tr\u1ea7n\" onerror=\"this.style.display='none'\"  \/>\n\t<h3>\n\t\t\t\t\ts\u00e0n \u0111\u1ebfn tr\u1ea7n\n\t\t\t\t<\/h3>\n\t\t\t<p><strong>Chi\u1ec1u cao t\u1ed1i \u0111a:<\/strong> 4200mm<strong>\u0110\u1ec1 xu\u1ea5t \u0111\u1ed9 s\u00e2u:<\/strong> 1500-1800mm<br \/><strong>Gi\u1ea3i ph\u00f3ng m\u1eb7t b\u1eb1ng:<\/strong> t\u1ed1i thi\u1ec3u 24mm <strong>X\u1eed l\u00fd c\u1ea1nh:<\/strong> H\u1ed3 s\u01a1 nh\u00f4m<strong>Ph\u1ea7n c\u1ee9ng<\/strong>S.S. universal hinges on the top&amp;bottom of doors.(Hidden)HPL strip will be inserted into the partitions.Indicator bolt with emergency release facility and keep.<strong>B\u1ec7 \u0111\u1ee1<\/strong>1. Stainless steel skirting with brushed<br \/>k\u1ebft th\u00fac (chi\u1ec1u cao t\u00f9y ch\u1ec9nh)<br \/>2. Ng\u1ed3i tr\u1ef1c ti\u1ebfp tr\u00ean m\u1eb7t \u0111\u1ea5t<\/p>\t\t\n\t\t\t\t<img decoding=\"async\" src=\"https:\/\/jialifu.vn\/wp-content\/uploads\/2021\/06\/Ceiling-Hung-Toilet-Cubicle.jpg\" alt=\"Bu\u1ed3ng v\u1ec7 sinh Tr\u1ea7n H\u01b0ng\" itemprop=\"image\" title=\"Bu\u1ed3ng v\u1ec7 sinh Tr\u1ea7n H\u01b0ng\" onerror=\"this.style.display='none'\"  \/>\n\t<h3>\n\t\t\t\t\tKho\u00e1 tr\u00e9n tr\u1ea7n\n\t\t\t\t<\/h3>\n\t\t\t<p><strong>Chi\u1ec1u cao t\u1ed1i \u0111a:<\/strong> 3000mm<strong>\u0110\u1ec1 xu\u1ea5t \u0111\u1ed9 s\u00e2u:<\/strong> 1500-1800mm<br \/><strong>Gi\u1ea3i ph\u00f3ng m\u1eb7t b\u1eb1ng:<\/strong> 150mm<strong>X\u1eed l\u00fd c\u1ea1nh:<\/strong> H\u1ed3 s\u01a1 nh\u00f4m<strong>Ph\u1ea7n c\u1ee9ng<\/strong>S.S. universal hinges on the top&amp;bottom of doors.(Hidden)HPL strip will be inserted into the partitions.Indicator bolt with emergency release facility and keep.<strong>Nh\u1eadn x\u00e9t<\/strong>N\u00ean ho\u00e0n thi\u1ec7n tr\u1ea7n sau v\u00e1ch ng\u0103n v\u1ec7 sinh<\/p>\t\t\n<h2>\n\t\tPh\u1ea7n c\u1ee9ng bu\u1ed3ng v\u1ec7 sinh\n\t<\/h2>\n\t<p>Jialifu c\u00f3 nhi\u1ec1u lo\u1ea1i ph\u1ea7n c\u1ee9ng kh\u00e1c nhau d\u00e0nh cho b\u1ea1n, v\u1eadt li\u1ec7u c\u00f3 th\u1ec3 l\u00e0 h\u1ee3p kim nh\u00f4m, h\u1ee3p kim k\u1ebdm, th\u00e9p kh\u00f4ng g\u1ec9 304 ho\u1eb7c 316.<\/p>\n\t\t\t\t<img decoding=\"async\" src=\"https:\/\/jialifu.vn\/wp-content\/uploads\/2021\/06\/Hidden-HPL-Strip-Wall-Fixing-3.jpg\" alt=\"S\u1eeda t\u01b0\u1eddng d\u1ea3i HPL \u1ea9n\" itemprop=\"image\" title=\"S\u1eeda t\u01b0\u1eddng d\u1ea3i HPL \u1ea9n\" onerror=\"this.style.display='none'\"  \/>\n<h5>\n\t\tS\u1eeda t\u01b0\u1eddng d\u1ea3i HPL \u1ea9n\n\t<\/h5>\n\t\t\t\t<img decoding=\"async\" src=\"https:\/\/jialifu.vn\/wp-content\/uploads\/2021\/06\/Classic-Frame-Options.jpg\" alt=\"T\u00f9y ch\u1ecdn khung c\u1ed5 \u0111i\u1ec3n\" itemprop=\"image\" title=\"T\u00f9y ch\u1ecdn khung c\u1ed5 \u0111i\u1ec3n\" onerror=\"this.style.display='none'\"  \/>\n<h5>\n\t\tM\u00e0u khung c\u1ed5 \u0111i\u1ec3n (C\u00f3 th\u1ec3 t\u00f9y ch\u1ec9nh)\n\t<\/h5>\n\t\t\t\t<img decoding=\"async\" src=\"https:\/\/jialifu.vn\/wp-content\/uploads\/2021\/06\/Adjustable-Leg-2.jpg\" alt=\"Ch\u00e2n \u0111i\u1ec1u ch\u1ec9nh\" itemprop=\"image\" title=\"Ch\u00e2n \u0111i\u1ec1u ch\u1ec9nh\" onerror=\"this.style.display='none'\"  \/>\n\t\tCh\u00e2n \u0111i\u1ec1u ch\u1ec9nh\n\t\t\t\t<img decoding=\"async\" src=\"https:\/\/jialifu.vn\/wp-content\/uploads\/2021\/06\/S.S.-Skirting-1.jpg\" alt=\"SS v\u00e1y\" itemprop=\"image\" title=\"SS v\u00e1y\" onerror=\"this.style.display='none'\"  \/>\n\t\tSS v\u00e1y\n\t\t\t\t<img decoding=\"async\" src=\"https:\/\/jialifu.vn\/wp-content\/uploads\/2021\/06\/Sit-on-Ground-Directly.jpg\" alt=\"Ng\u1ed3i tr\u00ean m\u1eb7t \u0111\u1ea5t tr\u1ef1c ti\u1ebfp\" itemprop=\"image\" title=\"Ng\u1ed3i tr\u00ean m\u1eb7t \u0111\u1ea5t tr\u1ef1c ti\u1ebfp\" onerror=\"this.style.display='none'\"  \/>\n\t\tNg\u1ed3i tr\u00ean m\u1eb7t \u0111\u1ea5t tr\u1ef1c ti\u1ebfp\n<h5>\n\t\tT\u00f9y ch\u1ecdn b\u1ec7\n\t<\/h5>\n<h2>\n\t\tC\u00e1c tr\u01b0\u1eddng h\u1ee3p n\u1ed5i b\u1eadt\n\t<\/h2>\n\t\t\t<a href=\"https:\/\/www.jialifu.vn\/vi\/cac-truong-hop\/\" target=\"_blank\" role=\"button\" rel=\"noopener\">\n\t\t\t\t\t\txem th\u00eam tr\u01b0\u1eddng h\u1ee3p\n\t\t<\/a>\n\t\t\t\t<a href=\"https:\/\/www.jialifu.vn\/vi\/truong-hop\/jakarta-mpp-office\/\" target=\"_blank\" rel=\"noopener nofollow\" itemprop=\"url\">\n\t\t\t\t<img decoding=\"async\" src=\"https:\/\/jialifu.vn\/wp-content\/uploads\/2021\/06\/Jakarta-MPP-Office.jpg\" alt=\"V\u0103n ph\u00f2ng MPP Jakarta\" itemprop=\"image\" title=\"V\u0103n ph\u00f2ng MPP Jakarta\" onerror=\"this.style.display='none'\"  \/>\n\t\t\t\t<\/a>\n\t<h3>\n\t\t\t\t\t<a href=\"https:\/\/www.jialifu.vn\/vi\/truong-hop\/jakarta-mpp-office\/\" title=\"V\u0103n ph\u00f2ng MPP Jakarta\" target=\"_blank\" rel=\"noopener nofollow\">\n\t\t\t\t\t\tV\u0103n ph\u00f2ng MPP Jakarta\n\t\t\t\t\t\t<\/a>\n\t\t\t<\/h3>\n\t\t\t<p>H\u1ed9p \u0111\u1ef1ng b\u1ed3n c\u1ea7u PVC HPL \u1edf Indonesia<\/p>\t\t\n\t\t\t\t<a href=\"https:\/\/www.jialifu.vn\/vi\/truong-hop\/bo-song-aurora\/\" target=\"_blank\" rel=\"noopener nofollow\" itemprop=\"url\">\n\t\t\t\t<img decoding=\"async\" src=\"https:\/\/jialifu.vn\/wp-content\/uploads\/2021\/06\/Aurora-WaterFront-.jpg\" alt=\"M\u1eb7t n\u01b0\u1edbc Aurora\" itemprop=\"image\" title=\"M\u1eb7t n\u01b0\u1edbc Aurora\" onerror=\"this.style.display='none'\"  \/>\n\t\t\t\t<\/a>\n\t<h3>\n\t\t\t\t\t<a href=\"https:\/\/www.jialifu.vn\/vi\/truong-hop\/bo-song-aurora\/\" title=\"M\u1eb7t n\u01b0\u1edbc Aurora\" target=\"_blank\" rel=\"noopener nofollow\">\n\t\t\t\t\t\tM\u1eb7t n\u01b0\u1edbc Aurora\n\t\t\t\t\t\t<\/a>\n\t\t\t<\/h3>\n\t\t\t<p>H\u1ed9p \u0111\u1ef1ng b\u1ed3n c\u1ea7u PVC HPL \u1edf \u1ea4n \u0110\u1ed9<\/p>\t\t\n\t<h2>\n\t\t\t\t\tC\u1ea7n gi\u00fap \u0111\u1ee1? G\u1eedi cho ch\u00fang t\u00f4i m\u1ed9t tin nh\u1eafn \u0111\u1ec3 b\u1eaft \u0111\u1ea7u d\u1ef1 \u00e1n c\u1ee7a b\u1ea1n\n\t\t\t\t<\/h2>\n\t\t\t<p>B\u1ea1n kh\u00f4ng ch\u1eafc c\u00e1i n\u00e0o ph\u00f9 h\u1ee3p v\u1edbi m\u00ecnh? C\u00e2u h\u1ecfi v\u1ec1 c\u00e0i \u0111\u1eb7t, th\u00f4ng s\u1ed1 k\u1ef9 thu\u1eadt ho\u1eb7c thi\u1ebft k\u1ebf? Li\u00ean h\u1ec7 v\u1edbi \u0111\u1ed9i ng\u0169 th\u00e2n thi\u1ec7n c\u1ee7a ch\u00fang t\u00f4i \u0111\u1ec3 \u0111\u01b0\u1ee3c t\u01b0 v\u1ea5n k\u1ef9 thu\u1eadt v\u00e0 mua h\u00e0ng ngay b\u00e2y gi\u1edd.<\/p>\t\t\n\t\t\t\t<a href=\"https:\/\/www.facebook.com\/washroomspacesolutions\" target=\"_blank\" rel=\"noopener nofollow\" itemprop=\"url\">\n\t\t\t\t<img decoding=\"async\" src=\"https:\/\/jialifu.vn\/wp-content\/uploads\/2022\/09\/icons8-facebook-circled-96.png\" alt=\"Facebook\" itemprop=\"image\" title=\"icon8-facebook-khoanh-96\" onerror=\"this.style.display='none'\"  \/>\n\t\t\t\t<\/a>\n\t\t\t\t<a href=\"https:\/\/twitter.com\/Jialifu_cubicle\" target=\"_blank\" rel=\"noopener nofollow\" itemprop=\"url\">\n\t\t\t\t<img decoding=\"async\" src=\"https:\/\/jialifu.vn\/wp-content\/uploads\/2022\/09\/icons8-twitter-circled-96.png\" alt=\"Twitter\" itemprop=\"image\" title=\"icon8-twitter-circled-96\" onerror=\"this.style.display='none'\"  \/>\n\t\t\t\t<\/a>\n\t\t\t\t<a href=\"https:\/\/www.linkedin.com\/company\/toiletpartition\/\" target=\"_blank\" rel=\"noopener nofollow\" itemprop=\"url\">\n\t\t\t\t<img decoding=\"async\" src=\"https:\/\/jialifu.vn\/wp-content\/uploads\/2022\/09\/icons8-linkedin-circled-96.png\" alt=\"linkin\" itemprop=\"image\" title=\"icon8-linkedin-circled-96\" onerror=\"this.style.display='none'\"  \/>\n\t\t\t\t<\/a>\n<form action=\"https:\/\/www.jialifu.vn\/wp-admin\/admin-post.php\" method=\"post\" name=\"content-form-\" id=\"content-form-\"><h3>\u0110\u00e2y l\u00e0 b\u1ea3n xem tr\u01b0\u1edbc giao di\u1ec7n c\u1ee7a th\u00f4ng b\u00e1o th\u00e0nh c\u00f4ng<\/h3><h3>\u0110\u00e2y l\u00e0 b\u1ea3n xem tr\u01b0\u1edbc giao di\u1ec7n c\u1ee7a th\u00f4ng b\u00e1o l\u1ed7i<\/h3><input type=\"hidden\" id=\"_wpnonce_contact\" name=\"_wpnonce_contact\" value=\"86e8eb5c21\" \/><input type=\"hidden\" name=\"_wp_http_referer\" value=\"\/en\/?page_id=12692&#038;fl_builder\" \/><input type=\"hidden\" name=\"action\" value=\"content_form_submit\" \/><input type=\"hidden\" name=\"form-type\" value=\"contact\" \/><input type=\"hidden\" name=\"form-builder\" value=\"beaver\" \/><input type=\"hidden\" name=\"post-id\" value=\"12692\" \/><input type=\"hidden\" name=\"form-id\" value=\"\" \/><fieldset><input type=\"text\" name=\"data[][name]\" id=\"data[][name]\" required=\"required\" placeholder=\"T\u00ean c\u1ee7a b\u1ea1n\"\"><\/fieldset><fieldset><input type=\"text\" name=\"data[][company]\" id=\"data[][company]\" required=\"required\" placeholder=\"C\u00f4ng ty c\u1ee7a b\u1ea1n \"\"><\/fieldset><fieldset><input type=\"text\" name=\"data[][email]\" id=\"data[][email]\" required=\"required\" placeholder=\"\u0110i\u0323a chi\u0309 email\"\"><\/fieldset><fieldset><textarea name=\"data[][message]\" id=\"data[][message]\" required=\"required\" placeholder=\"L\u00e0m th\u1ebf n\u00e0o ch\u00fang t\u00f4i c\u00f3 th\u1ec3 gi\u00fap b\u1ea1n?\" cols=\"30\" rows=\"5\"><\/textarea><\/fieldset><fieldset><button type=\"submit\" name=\"submit\" value=\"submit-contact-\">G\u1eedi tin nh\u1eafn<\/button><\/fieldset><\/form>","protected":false},"excerpt":{"rendered":"<p>HPL PVC Toilet Cubicle BEST WATERPROOF CHOICE Suitable for wet area, especially shower room with competitive price. Get this today Waterproof Scratch Resistant Harmless Environmental Flame Retardant Easy Clean HPL-PVC Board Jialifu HPL-PVC board is a new energy-saving and environmentally friendly material, consist of PVC polymer board and 1mm HPL veneer. With features like light&hellip;&nbsp;<a href=\"https:\/\/www.jialifu.vn\/vi\/vach-ngan-ve-sinh-hpl-pvc\/\" rel=\"bookmark\">Read More &raquo;<span class=\"screen-reader-text\">T\u1ee7 v\u1ec7 sinh HPL PVC<\/span><\/a><\/p>","protected":false},"author":2,"featured_media":0,"parent":0,"menu_order":0,"comment_status":"closed","ping_status":"closed","template":"page-templates\/template-pagebuilder-full-width.php","meta":{"neve_meta_sidebar":"full-width","neve_meta_container":"","neve_meta_enable_content_width":"on","neve_meta_content_width":100,"neve_meta_title_alignment":"","neve_meta_author_avatar":"","neve_post_elements_order":"","neve_meta_disable_header":"","neve_meta_disable_footer":"","neve_meta_disable_title":"","neve_meta_reading_time":"","_ti_tpc_template_sync":false,"_ti_tpc_template_id":"","footnotes":""},"class_list":["post-12692","page","type-page","status-publish","hentry"],"_links":{"self":[{"href":"https:\/\/www.jialifu.vn\/vi\/wp-json\/wp\/v2\/pages\/12692","targetHints":{"allow":["GET"]}}],"collection":[{"href":"https:\/\/www.jialifu.vn\/vi\/wp-json\/wp\/v2\/pages"}],"about":[{"href":"https:\/\/www.jialifu.vn\/vi\/wp-json\/wp\/v2\/types\/page"}],"author":[{"embeddable":true,"href":"https:\/\/www.jialifu.vn\/vi\/wp-json\/wp\/v2\/users\/2"}],"replies":[{"embeddable":true,"href":"https:\/\/www.jialifu.vn\/vi\/wp-json\/wp\/v2\/comments?post=12692"}],"version-history":[{"count":0,"href":"https:\/\/www.jialifu.vn\/vi\/wp-json\/wp\/v2\/pages\/12692\/revisions"}],"wp:attachment":[{"href":"https:\/\/www.jialifu.vn\/vi\/wp-json\/wp\/v2\/media?parent=12692"}],"curies":[{"name":"wp","href":"https:\/\/api.w.org\/{rel}","templated":true}]}}