{"id":13047,"date":"2021-08-14T00:17:14","date_gmt":"2021-08-14T08:17:14","guid":{"rendered":"https:\/\/jialifu.vn\/?page_id=13047"},"modified":"2024-03-23T16:14:04","modified_gmt":"2024-03-23T08:14:04","slug":"tu-dung-do-laminate-nho-gon","status":"publish","type":"page","link":"https:\/\/www.jialifu.vn\/vi\/tu-dung-do-laminate-nho-gon\/","title":{"rendered":"T\u1ee7 kh\u00f3a laminate nh\u1ecf g\u1ecdn"},"content":{"rendered":"<h1>\n\t\tT\u1ee7 kh\u00f3a laminate nh\u1ecf g\u1ecdn\n\t<\/h1>\n<h4>\n\t\tL\u1ef0A CH\u1eccN B\u1ec0N B\u1ec8 NH\u1ea4T\n\t<\/h4>\n\t<p>Ch\u1ed1ng n\u01b0\u1edbc, ch\u1ed1ng ch\u00e1y v\u00e0 ch\u1ed1ng va \u0111\u1eadp, tu\u1ed5i th\u1ecd 15-20 n\u0103m.<\/p>\n\t\t\t<a href=\"https:\/\/www.jialifu.vn\/vi\/lien-lac\/\" target=\"_blank\" rel=\"noopener nofollow\">\n\t\t\t\t\t\t\tNh\u1eadn c\u00e1i n\u00e0y ngay h\u00f4m nay\n\t\t\t<\/a>\n\t\t\t\t<img decoding=\"async\" src=\"https:\/\/jialifu.vn\/wp-content\/uploads\/2021\/08\/Compact-Laminate-Locker.jpg\" alt=\"T\u1ee7 \u0111\u1ef1ng \u0111\u1ed3 HPL\" itemprop=\"image\" title=\"T\u1ee7 \u0111\u1ef1ng \u0111\u1ed3 HPL\" onerror=\"this.style.display='none'\"  \/>\n\t\t\t\t<a href=\"https:\/\/www.jialifu.vn\/wp-content\/uploads\/2021\/08\/locker-1.jpg\" target=\"_self\" itemprop=\"url\" rel=\"noopener\">\n\t\t\t\t<img decoding=\"async\" src=\"https:\/\/jialifu.vn\/wp-content\/uploads\/2021\/08\/locker-1.jpg\" alt=\"t\u1ee7 \u0111\u1ef1ng \u0111\u1ed3-1\" itemprop=\"image\" title=\"t\u1ee7 \u0111\u1ef1ng \u0111\u1ed3-1\" onerror=\"this.style.display='none'\"  \/>\n\t\t\t\t<\/a>\n\t\t\t\t<a href=\"https:\/\/www.jialifu.vn\/wp-content\/uploads\/2021\/08\/locker-2.jpg\" target=\"_self\" itemprop=\"url\" rel=\"noopener\">\n\t\t\t\t<img decoding=\"async\" src=\"https:\/\/jialifu.vn\/wp-content\/uploads\/2021\/08\/locker-2.jpg\" alt=\"t\u1ee7 kh\u00f3a HPL phenolic\" itemprop=\"image\" title=\"t\u1ee7 kh\u00f3a HPL phenolic\" onerror=\"this.style.display='none'\"  \/>\n\t\t\t\t<\/a>\n\t\t\t\t<img decoding=\"async\" src=\"https:\/\/jialifu.vn\/wp-content\/uploads\/2021\/08\/locker-3.jpg\" alt=\"t\u1ee7 \u0111\u1ef1ng \u0111\u1ed3-3\" itemprop=\"image\" title=\"t\u1ee7 \u0111\u1ef1ng \u0111\u1ed3-3\" onerror=\"this.style.display='none'\"  \/>\n<h6>\n\t\tKh\u00f4ng th\u1ea5m n\u01b0\u1edbc\n\t<\/h6>\n<h6>\n\t\tKh\u1ea3 n\u0103ng ch\u1ed1ng x\u01b0\u1edbc\n\t<\/h6>\n<h6>\n\t\tv\u00f4 h\u1ea1i\n\t<\/h6>\n<h6>\n\t\tM\u00f4i tr\u01b0\u1eddng\n\t<\/h6>\n<h6>\n\t\tCh\u1ed1ng ch\u00e1y\n\t<\/h6>\n<h6>\n\t\tD\u1ec5 d\u00e0ng l\u00e0m s\u1ea1ch\n\t<\/h6>\n\t\t\t\t<img decoding=\"async\" src=\"https:\/\/www.jialifucubicle.com\/wp-content\/uploads\/2021\/06\/compact-laminate-1.jpg\" alt=\"g\u1ed7 \u00e9p nh\u1ecf g\u1ecdn\" itemprop=\"image\" title=\"g\u1ed7 \u00e9p nh\u1ecf g\u1ecdn\" onerror=\"this.style.display='none'\"  \/>\n<h2>\n\t\tLaminate nh\u1ecf g\u1ecdn\u00a0\n\t<\/h2>\n\t<p>V\u00e1n \u00e9p compact c\u00f2n \u0111\u01b0\u1ee3c g\u1ecdi l\u00e0 v\u00e1n HPL, v\u00e1n Phenolic. N\u00f3 \u0111\u01b0\u1ee3c l\u00e0m b\u1eb1ng nh\u1ef1a phenolic ho\u1eb7c urethane da b\u00f2 nhi\u1ec1u l\u1edbp m\u00e0u \u0111en ho\u1eb7c n\u00e2u, gi\u1ea5y m\u00e0u trang tr\u00ed hai m\u1eb7t nh\u00fang trong nh\u1ef1a melamine, \u00e9p v\u00e0 \u00e9p tr\u00ean t\u1ea5m th\u00e9p 150\u00b0C \u1edf \u00e1p su\u1ea5t cao (1430psi).<\/p>\n<p>\u0110\u00f3 l\u00e0 kh\u1ea3 n\u0103ng ch\u1ed1ng n\u01b0\u1edbc, ch\u1ed1ng ch\u00e1y, ch\u1ed1ng va \u0111\u1eadp, d\u1ec5 lau ch\u00f9i, ch\u1ea5t l\u01b0\u1ee3ng v\u00e0 \u0111\u1ed9 b\u1ec1n \u0111\u00e1ng tin c\u1eady. \u0110\u1eb7c bi\u1ec7t th\u00edch h\u1ee3p cho s\u00e2n bay, nh\u00e0 ga, b\u1ec7nh vi\u1ec7n, tr\u01b0\u1eddng h\u1ecdc, t\u00f2a nh\u00e0 v\u0103n ph\u00f2ng, trung t\u00e2m mua s\u1eafm, s\u00e2n v\u1eadn \u0111\u1ed9ng v\u00e0 nh\u1eefng n\u01a1i kh\u00e1c c\u00f3 l\u01b0u l\u01b0\u1ee3ng giao th\u00f4ng cao.<\/p>\n<p><strong>\u0110\u1ed9 d\u00e0y \u0111\u1ec1 xu\u1ea5t: 12mm &amp; 9mm<\/strong><\/p>\n<h2>\n\t\tTh\u00f4ng s\u1ed1 k\u1ef9 thu\u1eadt c\u00f3 th\u1ec3 t\u00f9y ch\u1ec9nh\n\t<\/h2>\n\t<p>Jialifu offers 1 tier to 6 tier and Z type compact laminate lockers, the standard size is 300mm*400mm*1900mm. We recommend that you choose one to four column lockers, for it&#8217;s a more cost-effective choice. If necessary, we can also customize various sizes.<\/p>\n\t\t\t\t<img decoding=\"async\" src=\"https:\/\/jialifu.vn\/wp-content\/uploads\/2021\/08\/Customizable-Specifications.jpg\" alt=\"Th\u00f4ng s\u1ed1 k\u1ef9 thu\u1eadt c\u00f3 th\u1ec3 t\u00f9y ch\u1ec9nh\" itemprop=\"image\" title=\"Th\u00f4ng s\u1ed1 k\u1ef9 thu\u1eadt c\u00f3 th\u1ec3 t\u00f9y ch\u1ec9nh\" onerror=\"this.style.display='none'\"  \/>\n<h2>\n\t\tPhong c\u00e1ch c\u1ed5 \u0111i\u1ec3n\n\t<\/h2>\n\t<p>Jialifu s\u1ebd thi\u1ebft k\u1ebf t\u1ee7 kh\u00f3a laminate nh\u1ecf g\u1ecdn theo c\u00e1ch b\u1ed1 tr\u00ed v\u00e0 y\u00eau c\u1ea7u c\u1ee7a b\u1ea1n, \u0111\u1ed3ng th\u1eddi cung c\u1ea5p h\u00ecnh \u1ea3nh 3D mi\u1ec5n ph\u00ed trong v\u00f2ng 24 gi\u1edd.<\/p>\n\t\t\t\t<img decoding=\"async\" src=\"https:\/\/jialifu.vn\/wp-content\/uploads\/2021\/08\/2001.jpg\" alt=\"T\u1ee7 Locker Laminate Nh\u1ecf G\u1ecdn 4\" itemprop=\"image\" title=\"T\u1ee7 Locker Laminate Nh\u1ecf G\u1ecdn 4\" onerror=\"this.style.display='none'\"  \/>\n<h6>\n\t\tD\u00f2ng L2001\n\t<\/h6>\n\t\t\t\t<img decoding=\"async\" src=\"https:\/\/jialifu.vn\/wp-content\/uploads\/2021\/08\/2005.jpg\" alt=\"T\u1ee7 Locker Laminate Nh\u1ecf G\u1ecdn 5\" itemprop=\"image\" title=\"T\u1ee7 Locker Laminate Nh\u1ecf G\u1ecdn 5\" onerror=\"this.style.display='none'\"  \/>\n<h6>\n\t\tD\u00f2ng L2005\n\t<\/h6>\n\t\t\t\t<img decoding=\"async\" src=\"https:\/\/jialifu.vn\/wp-content\/uploads\/2021\/08\/Compact-Laminate-Locker-1.jpg\" alt=\"T\u1ee7 Locker Laminate Nh\u1ecf G\u1ecdn 1\" itemprop=\"image\" title=\"T\u1ee7 Locker Laminate Nh\u1ecf G\u1ecdn 1\" onerror=\"this.style.display='none'\"  \/>\n<h6>\n\t\tD\u00f2ng L2002\n\t<\/h6>\n\t\t\t\t<img decoding=\"async\" src=\"https:\/\/jialifu.vn\/wp-content\/uploads\/2021\/08\/Compact-Laminate-Locker-3.jpg\" alt=\"T\u1ee7 Locker Laminate Nh\u1ecf G\u1ecdn 3\" itemprop=\"image\" title=\"T\u1ee7 Locker Laminate Nh\u1ecf G\u1ecdn 3\" onerror=\"this.style.display='none'\"  \/>\n<h6>\n\t\tD\u00f2ng L2006\n\t<\/h6>\n\t\t\t\t<img decoding=\"async\" src=\"https:\/\/jialifu.vn\/wp-content\/uploads\/2021\/08\/Compact-Laminate-Locker-2.jpg\" alt=\"T\u1ee7 Locker Laminate Nh\u1ecf G\u1ecdn 2\" itemprop=\"image\" title=\"T\u1ee7 Locker Laminate Nh\u1ecf G\u1ecdn 2\" onerror=\"this.style.display='none'\"  \/>\n<h6>\n\t\tD\u00f2ng L2004\n\t<\/h6>\n\t\t\t\t<img decoding=\"async\" src=\"https:\/\/jialifu.vn\/wp-content\/uploads\/2021\/08\/compact-laminate-locker-6.jpg\" alt=\"t\u1ee7 \u0111\u1ef1ng \u0111\u1ed3 laminate nh\u1ecf g\u1ecdn 6\" itemprop=\"image\" title=\"t\u1ee7 \u0111\u1ef1ng \u0111\u1ed3 laminate nh\u1ecf g\u1ecdn 6\" onerror=\"this.style.display='none'\"  \/>\n<h6>\n\t\tD\u00f2ng L2007\n\t<\/h6>\n<h2>\n\t\tPh\u1ee5 ki\u1ec7n t\u1ee7 \u0111\u1ef1ng \u0111\u1ed3\n\t<\/h2>\n\t<p>Jialifu c\u00f3 c\u00e1c t\u00f9y ch\u1ecdn Kh\u00f3a kh\u00e1c nhau d\u00e0nh cho b\u1ea1n, c\u0169ng nh\u01b0 Bi\u1ec3n s\u1ed1 &amp; Th\u00f4ng gi\u00f3, b\u1ea1n c\u00f3 th\u1ec3 k\u1ebft h\u1ee3p ch\u00fang m\u1ed9t c\u00e1ch tho\u1ea3i m\u00e1i.<\/p>\n<h6>\n\t\tT\u00f9y ch\u1ecdn kh\u00f3a\n\t<\/h6>\n\t\t\t\t<img decoding=\"async\" src=\"https:\/\/jialifu.vn\/wp-content\/uploads\/2019\/08\/Lock-Options.jpg\" alt=\"T\u00f9y ch\u1ecdn kh\u00f3a\" itemprop=\"image\" title=\"T\u00f9y ch\u1ecdn kh\u00f3a\" onerror=\"this.style.display='none'\"  \/>\n<h6>\n\t\tNumber Plates &#038; Ventilation\n\t<\/h6>\n\t\t\t\t<img decoding=\"async\" src=\"https:\/\/jialifu.vn\/wp-content\/uploads\/2019\/08\/3-3.jpg\" alt=\"Bi\u1ec3n s\u1ed1\" itemprop=\"image\" title=\"Bi\u1ec3n s\u1ed1\" onerror=\"this.style.display='none'\"  \/>\n\t\t\t\t<img decoding=\"async\" src=\"https:\/\/jialifu.vn\/wp-content\/uploads\/2019\/08\/Ventilation.jpg\" alt=\"Th\u00f4ng gi\u00f3\" itemprop=\"image\" title=\"Th\u00f4ng gi\u00f3\" onerror=\"this.style.display='none'\"  \/>\n<h6>\n\t\tKh\u00f3a d\u00e2y \u0111eo tay\n\t<\/h6>\n\t\t\t\t<img decoding=\"async\" src=\"https:\/\/jialifu.vn\/wp-content\/uploads\/2019\/08\/RFID-Lock-Wristbands.jpg\" alt=\"V\u00f2ng tay kh\u00f3a RFID\" itemprop=\"image\" title=\"V\u00f2ng tay kh\u00f3a RFID\" onerror=\"this.style.display='none'\"  \/>\n<h2>\n\t\tC\u00e1c tr\u01b0\u1eddng h\u1ee3p n\u1ed5i b\u1eadt\n\t<\/h2>\n\t\t\t<a href=\"https:\/\/www.jialifu.vn\/vi\/cac-truong-hop\/\" target=\"_blank\" role=\"button\" rel=\"noopener\">\n\t\t\t\t\t\txem th\u00eam tr\u01b0\u1eddng h\u1ee3p\n\t\t<\/a>\n\t\t\t\t<a href=\"https:\/\/www.jialifu.vn\/vi\/truong-hop\/fraser-suites-muscat\/\" target=\"_blank\" rel=\"noopener nofollow\" itemprop=\"url\">\n\t\t\t\t<img decoding=\"async\" src=\"https:\/\/jialifu.vn\/wp-content\/uploads\/2021\/08\/Fraser-Suites-Muscat.jpg\" alt=\"Fraser Suites Muscat\" itemprop=\"image\" title=\"Fraser Suites Muscat\" onerror=\"this.style.display='none'\"  \/>\n\t\t\t\t<\/a>\n\t<h3>\n\t\t\t\t\t<a href=\"https:\/\/www.jialifu.vn\/vi\/truong-hop\/fraser-suites-muscat\/\" title=\"Fraser Suites Muscat\" target=\"_blank\" rel=\"noopener nofollow\">\n\t\t\t\t\t\tFraser Suites Muscat\n\t\t\t\t\t\t<\/a>\n\t\t\t<\/h3>\n\t\t\t<p>Tr\u01b0\u1eddng h\u1ee3p t\u1ee7 kh\u00f3a \u1edf Oman<\/p>\t\t\n\t\t\t\t<a href=\"https:\/\/www.jialifu.vn\/vi\/truong-hop\/tru-so-di-dong-t\/\" target=\"_blank\" rel=\"noopener nofollow\" itemprop=\"url\">\n\t\t\t\t<img decoding=\"async\" src=\"https:\/\/jialifu.vn\/wp-content\/uploads\/2021\/08\/T-Mobile-Headquarters.jpg\" alt=\"Tr\u1ee5 s\u1edf T-Mobile\" itemprop=\"image\" title=\"Tr\u1ee5 s\u1edf T-Mobile\" onerror=\"this.style.display='none'\"  \/>\n\t\t\t\t<\/a>\n\t<h3>\n\t\t\t\t\t<a href=\"https:\/\/www.jialifu.vn\/vi\/truong-hop\/tru-so-di-dong-t\/\" title=\"Tr\u1ee5 s\u1edf T-Mobile\" target=\"_blank\" rel=\"noopener nofollow\">\n\t\t\t\t\t\tTr\u1ee5 s\u1edf T-Mobile\n\t\t\t\t\t\t<\/a>\n\t\t\t<\/h3>\n\t\t\t<p>H\u1ed9p \u0111\u1ef1ng t\u1ee7 \u0111\u1ef1ng \u0111\u1ed3 \u1edf M\u1ef9<\/p>\t\t\n\t<h2>\n\t\t\t\t\tC\u1ea7n gi\u00fap \u0111\u1ee1? G\u1eedi cho ch\u00fang t\u00f4i m\u1ed9t tin nh\u1eafn \u0111\u1ec3 b\u1eaft \u0111\u1ea7u d\u1ef1 \u00e1n c\u1ee7a b\u1ea1n\n\t\t\t\t<\/h2>\n\t\t\t<p>B\u1ea1n kh\u00f4ng ch\u1eafc c\u00e1i n\u00e0o ph\u00f9 h\u1ee3p v\u1edbi m\u00ecnh? C\u00e2u h\u1ecfi v\u1ec1 c\u00e0i \u0111\u1eb7t, th\u00f4ng s\u1ed1 k\u1ef9 thu\u1eadt ho\u1eb7c thi\u1ebft k\u1ebf? Li\u00ean h\u1ec7 v\u1edbi \u0111\u1ed9i ng\u0169 th\u00e2n thi\u1ec7n c\u1ee7a ch\u00fang t\u00f4i \u0111\u1ec3 \u0111\u01b0\u1ee3c t\u01b0 v\u1ea5n k\u1ef9 thu\u1eadt v\u00e0 mua h\u00e0ng ngay b\u00e2y gi\u1edd.<\/p>\t\t\n\t\t\t\t<a href=\"https:\/\/www.facebook.com\/washroomspacesolutions\" target=\"_blank\" rel=\"noopener nofollow\" itemprop=\"url\">\n\t\t\t\t<img decoding=\"async\" src=\"https:\/\/jialifu.vn\/wp-content\/uploads\/2022\/09\/icons8-facebook-circled-96.png\" alt=\"Facebook\" itemprop=\"image\" title=\"icon8-facebook-khoanh-96\" onerror=\"this.style.display='none'\"  \/>\n\t\t\t\t<\/a>\n\t\t\t\t<a href=\"https:\/\/twitter.com\/Jialifu_cubicle\" target=\"_blank\" rel=\"noopener nofollow\" itemprop=\"url\">\n\t\t\t\t<img decoding=\"async\" src=\"https:\/\/jialifu.vn\/wp-content\/uploads\/2022\/09\/icons8-twitter-circled-96.png\" alt=\"Twitter\" itemprop=\"image\" title=\"icon8-twitter-circled-96\" onerror=\"this.style.display='none'\"  \/>\n\t\t\t\t<\/a>\n\t\t\t\t<a href=\"https:\/\/www.linkedin.com\/company\/toiletpartition\/\" target=\"_blank\" rel=\"noopener nofollow\" itemprop=\"url\">\n\t\t\t\t<img decoding=\"async\" src=\"https:\/\/jialifu.vn\/wp-content\/uploads\/2022\/09\/icons8-linkedin-circled-96.png\" alt=\"linkin\" itemprop=\"image\" title=\"icon8-linkedin-circled-96\" onerror=\"this.style.display='none'\"  \/>\n\t\t\t\t<\/a>\n<form action=\"https:\/\/www.jialifu.vn\/wp-admin\/admin-post.php\" method=\"post\" name=\"content-form-\" id=\"content-form-\"><h3>\u0110\u00e2y l\u00e0 b\u1ea3n xem tr\u01b0\u1edbc giao di\u1ec7n c\u1ee7a th\u00f4ng b\u00e1o th\u00e0nh c\u00f4ng<\/h3><h3>\u0110\u00e2y l\u00e0 b\u1ea3n xem tr\u01b0\u1edbc giao di\u1ec7n c\u1ee7a th\u00f4ng b\u00e1o l\u1ed7i<\/h3><input type=\"hidden\" id=\"_wpnonce_contact\" name=\"_wpnonce_contact\" value=\"86e8eb5c21\" \/><input type=\"hidden\" name=\"_wp_http_referer\" value=\"\/en\/?page_id=13047&#038;fl_builder\" \/><input type=\"hidden\" name=\"action\" value=\"content_form_submit\" \/><input type=\"hidden\" name=\"form-type\" value=\"contact\" \/><input type=\"hidden\" name=\"form-builder\" value=\"beaver\" \/><input type=\"hidden\" name=\"post-id\" value=\"13047\" \/><input type=\"hidden\" name=\"form-id\" value=\"\" \/><fieldset><input type=\"text\" name=\"data[][name]\" id=\"data[][name]\" required=\"required\" placeholder=\"T\u00ean c\u1ee7a b\u1ea1n\"\"><\/fieldset><fieldset><input type=\"text\" name=\"data[][company]\" id=\"data[][company]\" required=\"required\" placeholder=\"C\u00f4ng ty c\u1ee7a b\u1ea1n \"\"><\/fieldset><fieldset><input type=\"text\" name=\"data[][email]\" id=\"data[][email]\" required=\"required\" placeholder=\"\u0110i\u0323a chi\u0309 email\"\"><\/fieldset><fieldset><textarea name=\"data[][message]\" id=\"data[][message]\" required=\"required\" placeholder=\"L\u00e0m th\u1ebf n\u00e0o ch\u00fang t\u00f4i c\u00f3 th\u1ec3 gi\u00fap b\u1ea1n?\" cols=\"30\" rows=\"5\"><\/textarea><\/fieldset><fieldset><button type=\"submit\" name=\"submit\" value=\"submit-contact-\">G\u1eedi tin nh\u1eafn<\/button><\/fieldset><\/form>","protected":false},"excerpt":{"rendered":"<p>Compact Laminate Lockers MOST DURABLE CHOICE Waterproof, fireproof and impact resistant, with a service life of 15-20 years. Get this today Waterproof Scratch Resistant Harmless Environmental Flame Retardant Easy Clean Compact Laminate\u00a0 The compact laminate board is also called HPL board, Phenolic board. It is made of multi-layer black or brown cowhide phenolic or urethane&hellip;&nbsp;<a href=\"https:\/\/www.jialifu.vn\/vi\/tu-dung-do-laminate-nho-gon\/\" rel=\"bookmark\">Read More &raquo;<span class=\"screen-reader-text\">T\u1ee7 kh\u00f3a laminate nh\u1ecf g\u1ecdn<\/span><\/a><\/p>","protected":false},"author":2,"featured_media":0,"parent":0,"menu_order":0,"comment_status":"closed","ping_status":"closed","template":"page-templates\/template-pagebuilder-full-width.php","meta":{"neve_meta_sidebar":"full-width","neve_meta_container":"","neve_meta_enable_content_width":"on","neve_meta_content_width":100,"neve_meta_title_alignment":"","neve_meta_author_avatar":"","neve_post_elements_order":"","neve_meta_disable_header":"","neve_meta_disable_footer":"","neve_meta_disable_title":"","neve_meta_reading_time":"","_ti_tpc_template_sync":false,"_ti_tpc_template_id":"","footnotes":""},"class_list":["post-13047","page","type-page","status-publish","hentry"],"_links":{"self":[{"href":"https:\/\/www.jialifu.vn\/vi\/wp-json\/wp\/v2\/pages\/13047","targetHints":{"allow":["GET"]}}],"collection":[{"href":"https:\/\/www.jialifu.vn\/vi\/wp-json\/wp\/v2\/pages"}],"about":[{"href":"https:\/\/www.jialifu.vn\/vi\/wp-json\/wp\/v2\/types\/page"}],"author":[{"embeddable":true,"href":"https:\/\/www.jialifu.vn\/vi\/wp-json\/wp\/v2\/users\/2"}],"replies":[{"embeddable":true,"href":"https:\/\/www.jialifu.vn\/vi\/wp-json\/wp\/v2\/comments?post=13047"}],"version-history":[{"count":0,"href":"https:\/\/www.jialifu.vn\/vi\/wp-json\/wp\/v2\/pages\/13047\/revisions"}],"wp:attachment":[{"href":"https:\/\/www.jialifu.vn\/vi\/wp-json\/wp\/v2\/media?parent=13047"}],"curies":[{"name":"wp","href":"https:\/\/api.w.org\/{rel}","templated":true}]}}