{"id":17326,"date":"2023-07-09T22:31:40","date_gmt":"2023-07-10T06:31:40","guid":{"rendered":"https:\/\/www.jialifucn.com\/?page_id=17326"},"modified":"2024-03-22T17:24:53","modified_gmt":"2024-03-22T09:24:53","slug":"lich-su-jialifu","status":"publish","type":"page","link":"https:\/\/www.jialifu.vn\/vi\/lich-su-jialifu\/","title":{"rendered":"L\u1ecbch s\u1eed Jialifu"},"content":{"rendered":"<h3>\n\t\t\t\t\tL\u1ecbch s\u1eed Jialifu\n\t\t\t\t<\/h3>\n\t\t\t<p>Trong h\u01a1n 20 n\u0103m, ch\u00fang t\u00f4i \u0111\u00e3 nh\u1ea5n m\u1ea1nh v\u00e0o <strong>xu\u1ea5t s\u1eafc<\/strong>.<\/p>\t\t\n\t<p>K\u1ec3 t\u1eeb khi th\u00e0nh l\u1eadp v\u00e0o n\u0103m 2001, Jialifu \u0111\u00e3 chuy\u00ean thi\u1ebft k\u1ebf v\u00e0 s\u1ea3n xu\u1ea5t bu\u1ed3ng v\u1ec7 sinh, b\u00e0n trang \u0111i\u1ec3m, t\u1ee7 l\u01b0u tr\u1eef, t\u1ea5m \u1ed1ng IPS v\u00e0 c\u1eeda cho c\u00e1c d\u1ef1 \u00e1n th\u01b0\u01a1ng m\u1ea1i.<\/p>\n\t<h2>\n\t\t\t\t\t2022\n\t\t\t\t<\/h2>\n\t\t\t<p>Jialifu chuy\u1ec3n \u0111\u1ebfn m\u1ed9t nh\u00e0 m\u00e1y c\u00f3 di\u1ec7n t\u00edch 15.000 m\u00e9t vu\u00f4ng v\u00e0 gi\u1edbi thi\u1ec7u th\u00eam d\u00e2y chuy\u1ec1n s\u1ea3n xu\u1ea5t t\u1ef1 \u0111\u1ed9ng.<\/p>\t\t\n\t\t\t\t<img decoding=\"async\" src=\"https:\/\/www.jialifu.vn\/wp-content\/uploads\/2023\/01\/Jialifu-factory-e1673330887453.jpg\" alt=\"nh\u00e0 m\u00e1y Gia L\u00fd Ph\u00fac\" itemprop=\"image\" height=\"486\" width=\"700\" title=\"nh\u00e0 m\u00e1y Gia L\u00fd Ph\u00fac\" onerror=\"this.style.display='none'\"  \/>\n\t\t\t\t<img decoding=\"async\" src=\"https:\/\/www.jialifu.vn\/wp-content\/uploads\/2024\/03\/Jialifu-Office.jpg\" alt=\"V\u0103n ph\u00f2ng Jialifu\" itemprop=\"image\" height=\"486\" width=\"700\" title=\"V\u0103n ph\u00f2ng Jialifu\" onerror=\"this.style.display='none'\"  \/>\n\t<h2>\n\t\t\t\t\t2020\n\t\t\t\t<\/h2>\n\t\t\t<p>\u0110\u1ed5i t\u00ean th\u00e0nh C\u00f4ng ty TNHH C\u00f4ng nghi\u1ec7p T\u1ea5m Jialifu (Qu\u1ea3ng Ch\u00e2u)<\/p>\t\t\n\t<h2>\n\t\t\t\t\t2019\n\t\t\t\t<\/h2>\n\t\t\t<p>\u00c1p d\u1ee5ng cho m\u1ed9t s\u1ed1 b\u1eb1ng s\u00e1ng ch\u1ebf qu\u1ed1c gia.<\/p>\t\t\n\t\t\t\t<img decoding=\"async\" src=\"https:\/\/www.jialifu.vn\/wp-content\/uploads\/2024\/03\/Jialifu-Patents.jpg\" alt=\"B\u1eb1ng s\u00e1ng ch\u1ebf Jialifu\" itemprop=\"image\" height=\"486\" width=\"700\" title=\"B\u1eb1ng s\u00e1ng ch\u1ebf Jialifu\" onerror=\"this.style.display='none'\"  \/>\n\t\t\t\t<img decoding=\"async\" src=\"https:\/\/www.jialifu.vn\/wp-content\/uploads\/2024\/03\/ISO.jpg\" alt=\"ISO\" itemprop=\"image\" height=\"486\" width=\"700\" title=\"ISO\" onerror=\"this.style.display='none'\"  \/>\n\t<h2>\n\t\t\t\t\t2015\n\t\t\t\t<\/h2>\n\t\t\t<p>\u0110\u00e3 \u0111\u1ea1t c\u00e1c ch\u1ee9ng ch\u1ec9 ISO 9001, ISO14001, ISO18001, SGS, Intertektek v\u00e0 TUV.<\/p>\t\t\n\t<h2>\n\t\t\t\t\t2013\n\t\t\t\t<\/h2>\n\t\t\t<p>\u0110\u1ed5i t\u00ean th\u00e0nh C\u00f4ng ty TNHH V\u1eadt li\u1ec7u x\u00e2y d\u1ef1ng Qu\u1ea3ng Ch\u00e2u Jialifu<\/p>\t\t\n\t\t\t\t<img decoding=\"async\" src=\"https:\/\/www.jialifu.vn\/wp-content\/uploads\/2024\/03\/Rename.jpg\" alt=\"\u0110\u1ed5i t\u00ean\" itemprop=\"image\" height=\"486\" width=\"700\" title=\"\u0110\u1ed5i t\u00ean\" onerror=\"this.style.display='none'\"  \/>\n\t\t\t\t<img decoding=\"async\" src=\"https:\/\/www.jialifu.vn\/wp-content\/uploads\/2024\/03\/Jialifu-logo.jpg\" alt=\"Logo Jialifu\" itemprop=\"image\" height=\"486\" width=\"700\" title=\"Logo Jialifu\" onerror=\"this.style.display='none'\"  \/>\n\t<h2>\n\t\t\t\t\t2005\n\t\t\t\t<\/h2>\n\t\t\t<p>Register our trademark &#8220;JIALIFU&#8221; .<\/p>\t\t\n\t<h2>\n\t\t\t\t\t2001\n\t\t\t\t<\/h2>\n\t\t\t<p>C\u00f4ng ty ch\u00fang t\u00f4i ch\u1ee7 y\u1ebfu \u0111\u01b0\u1ee3c th\u00e0nh l\u1eadp.<\/p>\t\t\n\t\t\t\t<img decoding=\"async\" src=\"https:\/\/www.jialifu.vn\/wp-content\/uploads\/2024\/03\/Jialifu-establish.jpg\" alt=\"Jialifu th\u00e0nh l\u1eadp\" itemprop=\"image\" height=\"486\" width=\"700\" title=\"Jialifu th\u00e0nh l\u1eadp\" onerror=\"this.style.display='none'\"  \/>","protected":false},"excerpt":{"rendered":"<p>Jialifu History For over 20 years, we have insisted on excellence. Since its establishment in 2001, Jialifu has been specializing in the design and manufacture of toilet cubicles, vanities, storage cabinets, IPS duct panels, and doors for commercial projects. 2022 Jialifu moved to a factory with an area of 15,000 square meters and introduced more&hellip;&nbsp;<a href=\"https:\/\/www.jialifu.vn\/vi\/lich-su-jialifu\/\" rel=\"bookmark\">Read More &raquo;<span class=\"screen-reader-text\">L\u1ecbch s\u1eed Jialifu<\/span><\/a><\/p>","protected":false},"author":2,"featured_media":0,"parent":0,"menu_order":0,"comment_status":"closed","ping_status":"closed","template":"","meta":{"neve_meta_sidebar":"full-width","neve_meta_container":"full-width","neve_meta_enable_content_width":"on","neve_meta_content_width":100,"neve_meta_title_alignment":"center","neve_meta_author_avatar":"","neve_post_elements_order":"","neve_meta_disable_header":"","neve_meta_disable_footer":"","neve_meta_disable_title":"on","neve_meta_reading_time":"","_ti_tpc_template_sync":false,"_ti_tpc_template_id":"baitbddraazbzd6ah8el","footnotes":""},"class_list":["post-17326","page","type-page","status-publish","hentry"],"_links":{"self":[{"href":"https:\/\/www.jialifu.vn\/vi\/wp-json\/wp\/v2\/pages\/17326","targetHints":{"allow":["GET"]}}],"collection":[{"href":"https:\/\/www.jialifu.vn\/vi\/wp-json\/wp\/v2\/pages"}],"about":[{"href":"https:\/\/www.jialifu.vn\/vi\/wp-json\/wp\/v2\/types\/page"}],"author":[{"embeddable":true,"href":"https:\/\/www.jialifu.vn\/vi\/wp-json\/wp\/v2\/users\/2"}],"replies":[{"embeddable":true,"href":"https:\/\/www.jialifu.vn\/vi\/wp-json\/wp\/v2\/comments?post=17326"}],"version-history":[{"count":0,"href":"https:\/\/www.jialifu.vn\/vi\/wp-json\/wp\/v2\/pages\/17326\/revisions"}],"wp:attachment":[{"href":"https:\/\/www.jialifu.vn\/vi\/wp-json\/wp\/v2\/media?parent=17326"}],"curies":[{"name":"wp","href":"https:\/\/api.w.org\/{rel}","templated":true}]}}