{"id":17913,"date":"2024-03-22T15:38:31","date_gmt":"2024-03-22T07:38:31","guid":{"rendered":"https:\/\/www.jialifu.vn\/?page_id=17913"},"modified":"2024-03-22T15:41:04","modified_gmt":"2024-03-22T07:41:04","slug":"jlf88-04-2-ban-sao","status":"publish","type":"page","link":"https:\/\/www.jialifu.vn\/vi\/phan-cung-vach-ngan-nha-ve-sinh\/jlf88-04-2-ban-sao\/","title":{"rendered":"X\u1eec L\u00dd JLF76-04"},"content":{"rendered":"<h1>\n\t\tM\u00f4 t\u1ea3 S\u1ea3n ph\u1ea9m\n\t<\/h1>\n<h4>\n\t\tJLF76-04\n\t<\/h4>\n\t<b>V\u1eadt li\u1ec7u:\u00a0<\/b>th\u00e9p kh\u00f4ng g\u1ec9 304<br \/>\n<b>Ho\u00e0n th\u00e0nh:\u00a0<\/b>\u0111\u01b0\u1eddng ch\u00e2n t\u00f3c\n\t\t\t<a href=\"https:\/\/www.jialifu.vn\/vi\/lien-lac\/\" target=\"_blank\" rel=\"noopener\">\n\t\t\t\t\t\t\tNh\u1eadn b\u00e1o gi\u00e1\n\t\t\t<\/a>\n<h2>\n\t\tT\u1ea1i sao JIALIFU l\u1ea1i t\u1ed1t h\u01a1n\n\t<\/h2>\n\t<p>K\u1ec3 t\u1eeb khi th\u00e0nh l\u1eadp v\u00e0o n\u0103m 2001, Jialifu \u0111\u00e3 chuy\u00ean thi\u1ebft k\u1ebf v\u00e0 s\u1ea3n xu\u1ea5t bu\u1ed3ng v\u1ec7 sinh, b\u00e0n trang \u0111i\u1ec3m, t\u1ee7 l\u01b0u tr\u1eef, t\u1ea5m \u1ed1ng IPS v\u00e0 c\u1eeda cho c\u00e1c d\u1ef1 \u00e1n th\u01b0\u01a1ng m\u1ea1i. ch\u00fang t\u00f4i \u0111\u00e3 v\u01b0\u1ee3t qua\u00a0<a href=\"https:\/\/www.jialifu.vn\/vi\/giay-chung-nhan\/\">ISO9001, ISO14001, ISO45001, ch\u1ee9ng nh\u1eadn FSC, SGS, Intertek, TUV<\/a>\u00a0b\u00e1o c\u00e1o th\u1eed nghi\u1ec7m, ch\u1ee9ng nh\u1eadn doanh nghi\u1ec7p c\u00f4ng ngh\u1ec7 cao qu\u1ed1c gia v\u00e0 ch\u1ee9ng nh\u1eadn h\u1ec7 th\u1ed1ng qu\u1ea3n l\u00fd s\u1edf h\u1eefu tr\u00ed tu\u1ec7.<\/p>\n\t\t\t<a href=\"https:\/\/www.jialifu.vn\/vi\/cau-chuyen-jialifu\/\" target=\"_blank\" role=\"button\" rel=\"noopener\">\n\t\t\t\t\t\tT\u00ecm hi\u1ec3u th\u00eam\n\t\t<\/a>\n\t\t\t\t\t\t\t\t<a href=\"#\" id=\"fl-tabs--label-0\" data-index=\"0\" aria-selected=\"true\" aria-controls=\"fl-tabs--panel-0\" aria-expanded=\"true\" role=\"tab\" tabindex=\"0\">\t\t\t\tS\u1ea3n xu\u1ea5t th\u00f4ng minh\t\t\t\t<\/a>\n\t\t\t\t\t\t\t\t<a href=\"#\" id=\"fl-tabs--label-1\" data-index=\"1\" aria-selected=\"false\" aria-controls=\"fl-tabs--panel-1\" aria-expanded=\"false\" role=\"tab\" tabindex=\"0\">\t\t\t\tKh\u1ea3 n\u0103ng s\u1ea3n xu\u1ea5t\t\t\t\t<\/a>\n\t\t\t\t\t\t\t\t<a href=\"#\" id=\"fl-tabs--label-2\" data-index=\"2\" aria-selected=\"false\" aria-controls=\"fl-tabs--panel-2\" aria-expanded=\"false\" role=\"tab\" tabindex=\"0\">\t\t\t\tGi\u1ea3i ph\u00e1p m\u1ed9t c\u1eeda\t\t\t\t<\/a>\n\t\t\t\t\t\t\t\t<a href=\"#\" id=\"fl-tabs--label-3\" data-index=\"3\" aria-selected=\"false\" aria-controls=\"fl-tabs--panel-3\" aria-expanded=\"false\" role=\"tab\" tabindex=\"0\">\t\t\t\tCh\u1ea5t l\u01b0\u1ee3ng cao\t\t\t\t<\/a>\n\t\t\t\t\t\tS\u1ea3n xu\u1ea5t th\u00f4ng minh\n\t<p>Jialifu \u0111\u00e3 \u0111\u1ea1t \u0111\u01b0\u1ee3c s\u1ea3n xu\u1ea5t th\u00f4ng minh, d\u1eef li\u1ec7u h\u00f3a v\u00e0 s\u00e0ng l\u1ecdc th\u00f4ng qua vi\u1ec7c gi\u1edbi thi\u1ec7u c\u00e1c m\u00e1y s\u1ea3n xu\u1ea5t ti\u00ean ti\u1ebfn, bao g\u1ed3m d\u00e2y chuy\u1ec1n s\u1ea3n xu\u1ea5t c\u00e1n m\u1ecfng t\u1ef1 \u0111\u1ed9ng, d\u00e2y chuy\u1ec1n s\u1ea3n xu\u1ea5t phay v\u00e0 \u0111\u1ecbnh tuy\u1ebfn t\u1ef1 \u0111\u1ed9ng, m\u00e1y li\u00ean k\u1ebft c\u1ea1nh t\u1ef1 \u0111\u1ed9ng, m\u00e1y c\u1eaft th\u00f4ng minh.<\/p>\n\t\t\t\t<img decoding=\"async\" src=\"https:\/\/www.jialifu.vn\/wp-content\/uploads\/2023\/03\/why-jialifu-is-better_1.jpg\" alt=\"t\u1ea1i sao-jialifu-l\u00e0-t\u1ed1t h\u01a1n_1\" itemprop=\"image\" height=\"365\" width=\"553\" title=\"t\u1ea1i sao-jialifu-l\u00e0-t\u1ed1t h\u01a1n_1\" onerror=\"this.style.display='none'\" srcset=\"https:\/\/www.jialifu.vn\/wp-content\/uploads\/2023\/03\/why-jialifu-is-better_1.jpg 553w, https:\/\/www.jialifu.vn\/wp-content\/uploads\/2023\/03\/why-jialifu-is-better_1-300x198.jpg 300w, https:\/\/www.jialifu.vn\/wp-content\/uploads\/2023\/03\/why-jialifu-is-better_1-18x12.jpg 18w\" sizes=\"(max-width: 553px) 100vw, 553px\" \/>\n\t\t\t\t\t\tN\u0103ng l\u1ef1c s\u1ea3n xu\u1ea5t \u00b7 Bu\u1ed3ng v\u1ec7 sinh- 15.600 B\u1ed9 \/ Th\u00e1ng<br \/>\n\u00b7 T\u1ee7 Locker- 3,000 B\u1ed9 \/ Th\u00e1ng<br \/>\n\u00b7 T\u1ea5m \u1ed1p t\u01b0\u1eddng- 18.000 m\u00e9t vu\u00f4ng \/ th\u00e1ng<br \/>\n \u00b7 B\u00e0n HPL- 2,700 C\u00e1i \/ Th\u00e1ng <br \/>\n\u00b7 C\u1eeda HPL- 6.000 B\u1ed9\/Th\u00e1ng Ch\u1ea5t li\u1ec7u &amp; M\u00e0u s\u1eafc<br \/>\n\u00b7 13 lo\u1ea1i v\u1eadt li\u1ec7u<br \/>\n \u00b7 H\u01a1n 500 t\u00f9y ch\u1ecdn m\u00e0u s\u1eafc<br \/>\n \u00b7 10 phong c\u00e1ch trang tr\u00ed\u00a0\n\t\t\t\t<img decoding=\"async\" src=\"https:\/\/www.jialifu.vn\/wp-content\/uploads\/2023\/03\/why-jialifu-is-better2.jpg\" alt=\"t\u1ea1i sao-jialifu-l\u00e0-t\u1ed1t h\u01a1n2\" itemprop=\"image\" height=\"365\" width=\"553\" title=\"t\u1ea1i sao-jialifu-l\u00e0-t\u1ed1t h\u01a1n2\" onerror=\"this.style.display='none'\" srcset=\"https:\/\/www.jialifu.vn\/wp-content\/uploads\/2023\/03\/why-jialifu-is-better2.jpg 553w, https:\/\/www.jialifu.vn\/wp-content\/uploads\/2023\/03\/why-jialifu-is-better2-300x198.jpg 300w, https:\/\/www.jialifu.vn\/wp-content\/uploads\/2023\/03\/why-jialifu-is-better2-18x12.jpg 18w\" sizes=\"(max-width: 553px) 100vw, 553px\" \/>\n\t\t\t\t\t\tGi\u1ea3i ph\u00e1p m\u1ed9t c\u1eeda\n\t<p>Jialifu c\u00f3 6 danh m\u1ee5c s\u1ea3n ph\u1ea9m bao g\u1ed3m bu\u1ed3ng v\u1ec7 sinh, t\u1ee7 kh\u00f3a, t\u1ea5m \u1ed1p t\u01b0\u1eddng, b\u00e0n HPL, c\u1eeda HPL v\u00e0 t\u00f9y ch\u1ec9nh to\u00e0n b\u1ed9 ph\u00f2ng v\u1ec7 sinh, c\u00f3 th\u1ec3 \u0111\u00e1p \u1ee9ng c\u00e1c y\u00eau c\u1ea7u ti\u1ebfp th\u1ecb.<\/p>\n\t\t\t\t<img decoding=\"async\" src=\"https:\/\/www.jialifu.vn\/wp-content\/uploads\/2023\/03\/why-jialifu-is-better3_2.jpg\" alt=\"t\u1ea1i sao-jialifu-l\u00e0-t\u1ed1t h\u01a1n3_2\" itemprop=\"image\" height=\"91\" width=\"387\" title=\"t\u1ea1i sao-jialifu-l\u00e0-t\u1ed1t h\u01a1n3_2\" onerror=\"this.style.display='none'\" srcset=\"https:\/\/www.jialifu.vn\/wp-content\/uploads\/2023\/03\/why-jialifu-is-better3_2.jpg 387w, https:\/\/www.jialifu.vn\/wp-content\/uploads\/2023\/03\/why-jialifu-is-better3_2-300x71.jpg 300w, https:\/\/www.jialifu.vn\/wp-content\/uploads\/2023\/03\/why-jialifu-is-better3_2-18x4.jpg 18w\" sizes=\"(max-width: 387px) 100vw, 387px\" \/>\n\t\t\t\t<img decoding=\"async\" src=\"https:\/\/www.jialifu.vn\/wp-content\/uploads\/2023\/03\/why-jialifu-is-better3_1.jpg\" alt=\"sao-jialifu-l\u00e0-t\u1ed1t h\u01a1n3_1\" itemprop=\"image\" height=\"363\" width=\"553\" title=\"sao-jialifu-l\u00e0-t\u1ed1t h\u01a1n3_1\" onerror=\"this.style.display='none'\" srcset=\"https:\/\/www.jialifu.vn\/wp-content\/uploads\/2023\/03\/why-jialifu-is-better3_1.jpg 553w, https:\/\/www.jialifu.vn\/wp-content\/uploads\/2023\/03\/why-jialifu-is-better3_1-300x197.jpg 300w, https:\/\/www.jialifu.vn\/wp-content\/uploads\/2023\/03\/why-jialifu-is-better3_1-18x12.jpg 18w\" sizes=\"(max-width: 553px) 100vw, 553px\" \/>\n\t\t\t\t\t\tCh\u1ea5t l\u01b0\u1ee3ng cao\n\t\t\t\t<img decoding=\"async\" src=\"https:\/\/www.jialifu.vn\/wp-content\/uploads\/2023\/03\/why-jialifu-is-better-4.jpg\" alt=\"t\u1ea1i sao-jialifu-l\u00e0-t\u1ed1t h\u01a1n 4\" itemprop=\"image\" height=\"400\" width=\"395\" title=\"t\u1ea1i sao-jialifu-l\u00e0-t\u1ed1t h\u01a1n 4\" onerror=\"this.style.display='none'\" srcset=\"https:\/\/www.jialifu.vn\/wp-content\/uploads\/2023\/03\/why-jialifu-is-better-4.jpg 395w, https:\/\/www.jialifu.vn\/wp-content\/uploads\/2023\/03\/why-jialifu-is-better-4-296x300.jpg 296w, https:\/\/www.jialifu.vn\/wp-content\/uploads\/2023\/03\/why-jialifu-is-better-4-12x12.jpg 12w\" sizes=\"(max-width: 395px) 100vw, 395px\" \/>\n\t1. B\u1ea3ng HPL h\u1ea1ng E1<br \/>\n2. T\u1ea5m kim lo\u1ea1i ch\u1ed1ng ch\u00e1y lo\u1ea1i A<br \/>\n3. B\u1ea3n l\u1ec1 h\u1ea1ng n\u1eb7ng t\u00f9y ch\u1ec9nh<br \/>\n4. H\u1ed3 s\u01a1 nh\u00f4m d\u00e0y<br \/>\n5. M\u1ea1 ti\u00eau chu\u1ea9n Ch\u00e2u \u00c2u<br \/>\n6. Gi\u00e1 \u0111\u1ee1 v\u00f4 h\u00ecnh \u0111\u1ec3 c\u1ed1 \u0111\u1ecbnh t\u01b0\u1eddng 7. Keo PUR Fuller c\u1ee7a M\u1ef9<br \/>\n8. M\u00f3c qu\u1ea7n \u00e1o t\u00f9y ch\u1ec9nh<br \/>\n9. Ch\u00e2n h\u1ed7 tr\u1ee3 t\u00f9y ch\u1ec9nh<br \/>\n10. Gi\u1ea5y b\u1ed9t g\u1ed7<br \/>\n11. L\u00f5i t\u1ed5 ong d\u00e0y 0,06mm<br \/>\n12. Kh\u00f3a \u0111\u00e8n b\u00e1o c\u00f3 \u0111\u00e8n LED\n<h2>\n\t\tS\u1ea3n ph\u1ea9m kh\u00e1c\n\t<\/h2>\n\t\t\t\t<a href=\"https:\/\/www.jialifu.vn\/vi\/vach-ngan-ve-sinh\/\" target=\"_blank\" rel=\"noopener\" itemprop=\"url\">\n\t\t\t\t<img decoding=\"async\" src=\"https:\/\/www.jialifu.vn\/wp-content\/uploads\/2023\/01\/HPL-Toilet-Partitions-930x620.jpg\" alt=\"V\u00e1ch ng\u0103n v\u1ec7 sinh HPL\" itemprop=\"image\" height=\"620\" width=\"930\" title=\"V\u00e1ch ng\u0103n v\u1ec7 sinh HPL\" onerror=\"this.style.display='none'\"  \/>\n\t\t\t\t<\/a>\n<h3>\n\t\t<a href=\"https:\/\/www.jialifu.vn\/vi\/vach-ngan-ve-sinh\/\" title=\"v\u00e1ch ng\u0103n v\u1ec7 sinh\" target=\"_blank\" rel=\"noopener\">\n\t\tv\u00e1ch ng\u0103n v\u1ec7 sinh\n\t\t<\/a>\n\t<\/h3>\n\t\t\t\t<a href=\"https:\/\/www.jialifu.vn\/vi\/tu-dung-do\/\" target=\"_blank\" rel=\"noopener\" itemprop=\"url\">\n\t\t\t\t<img decoding=\"async\" src=\"https:\/\/www.jialifu.vn\/wp-content\/uploads\/2023\/01\/Phenolic-Lockers-1-930x620.jpg\" alt=\"T\u1ee7 kh\u00f3a Phenolic\" itemprop=\"image\" height=\"620\" width=\"930\" title=\"T\u1ee7 kh\u00f3a Phenolic\" onerror=\"this.style.display='none'\"  \/>\n\t\t\t\t<\/a>\n<h3>\n\t\t<a href=\"https:\/\/www.jialifu.vn\/vi\/tu-dung-do\/\" title=\"t\u1ee7 kh\u00f3a\" target=\"_blank\" rel=\"noopener\">\n\t\tt\u1ee7 kh\u00f3a\n\t\t<\/a>\n\t<\/h3>\n\t\t\t\t<a href=\"https:\/\/www.jialifu.vn\/vi\/cua-hpl\/\" target=\"_blank\" rel=\"noopener\" itemprop=\"url\">\n\t\t\t\t<img decoding=\"async\" src=\"https:\/\/www.jialifu.vn\/wp-content\/uploads\/2023\/02\/HPL-doors-930x620.jpg\" alt=\"c\u1eeda HPL\" itemprop=\"image\" height=\"620\" width=\"930\" title=\"c\u1eeda HPL\" onerror=\"this.style.display='none'\"  \/>\n\t\t\t\t<\/a>\n<h3>\n\t\t<a href=\"https:\/\/www.jialifu.vn\/vi\/cua-hpl\/\" title=\"C\u1eeda HPL\" target=\"_blank\" rel=\"noopener\">\n\t\tC\u1eeda HPL\n\t\t<\/a>\n\t<\/h3>\n\t\t\t\t<a href=\"https:\/\/www.jialifu.vn\/vi\/vach-ngan-hpl\/\" target=\"_blank\" rel=\"noopener\" itemprop=\"url\">\n\t\t\t\t<img decoding=\"async\" src=\"https:\/\/www.jialifu.vn\/wp-content\/uploads\/2023\/01\/HPL-Wall-Claddings-930x620.jpg\" alt=\"T\u1ea5m \u1ed1p t\u01b0\u1eddng HPL\" itemprop=\"image\" height=\"620\" width=\"930\" title=\"T\u1ea5m \u1ed1p t\u01b0\u1eddng HPL\" onerror=\"this.style.display='none'\"  \/>\n\t\t\t\t<\/a>\n<h3>\n\t\t<a href=\"https:\/\/www.jialifu.vn\/vi\/vach-ngan-hpl\/\" title=\"T\u1ea5m \u1ed1p t\u01b0\u1eddng\" target=\"_blank\" rel=\"noopener\">\n\t\tT\u1ea5m \u1ed1p t\u01b0\u1eddng\n\t\t<\/a>\n\t<\/h3>\n\t<h2>\n\t\t\t\t\tC\u1ea7n gi\u00fap \u0111\u1ee1? G\u1eedi cho ch\u00fang t\u00f4i m\u1ed9t tin nh\u1eafn \u0111\u1ec3 b\u1eaft \u0111\u1ea7u d\u1ef1 \u00e1n c\u1ee7a b\u1ea1n\n\t\t\t\t<\/h2>\n\t\t\t<p>B\u1ea1n kh\u00f4ng ch\u1eafc c\u00e1i n\u00e0o ph\u00f9 h\u1ee3p v\u1edbi m\u00ecnh? C\u00e2u h\u1ecfi v\u1ec1 c\u00e0i \u0111\u1eb7t, th\u00f4ng s\u1ed1 k\u1ef9 thu\u1eadt ho\u1eb7c thi\u1ebft k\u1ebf? Li\u00ean h\u1ec7 v\u1edbi \u0111\u1ed9i ng\u0169 th\u00e2n thi\u1ec7n c\u1ee7a ch\u00fang t\u00f4i \u0111\u1ec3 \u0111\u01b0\u1ee3c t\u01b0 v\u1ea5n k\u1ef9 thu\u1eadt v\u00e0 mua h\u00e0ng ngay b\u00e2y gi\u1edd.<\/p>\t\t\n\t\t\t\t<a href=\"https:\/\/www.facebook.com\/washroomspacesolutions\" target=\"_blank\" rel=\"noopener nofollow\" itemprop=\"url\">\n\t\t\t\t<img decoding=\"async\" src=\"https:\/\/www.jialifu.vn\/wp-content\/uploads\/2022\/09\/icons8-facebook-circled-96.png\" alt=\"Facebook\" itemprop=\"image\" height=\"96\" width=\"96\" title=\"icon8-facebook-khoanh-96\" onerror=\"this.style.display='none'\"  \/>\n\t\t\t\t<\/a>\n\t\t\t\t<a href=\"https:\/\/twitter.com\/Jialifu_cubicle\" target=\"_blank\" rel=\"noopener nofollow\" itemprop=\"url\">\n\t\t\t\t<img decoding=\"async\" src=\"https:\/\/www.jialifu.vn\/wp-content\/uploads\/2022\/09\/icons8-twitter-circled-96.png\" alt=\"Twitter\" itemprop=\"image\" height=\"96\" width=\"96\" title=\"icon8-twitter-circled-96\" onerror=\"this.style.display='none'\"  \/>\n\t\t\t\t<\/a>\n\t\t\t\t<a href=\"https:\/\/www.linkedin.com\/company\/toiletpartition\/\" target=\"_blank\" rel=\"noopener nofollow\" itemprop=\"url\">\n\t\t\t\t<img decoding=\"async\" src=\"https:\/\/www.jialifu.vn\/wp-content\/uploads\/2022\/09\/icons8-linkedin-circled-96.png\" alt=\"linkin\" itemprop=\"image\" height=\"96\" width=\"96\" title=\"icon8-linkedin-circled-96\" onerror=\"this.style.display='none'\"  \/>\n\t\t\t\t<\/a>\n<form action=\"https:\/\/www.jialifu.vn\/wp-admin\/admin-post.php\" method=\"post\" name=\"content-form-\" id=\"content-form-\"><h3>\u0110\u00e2y l\u00e0 b\u1ea3n xem tr\u01b0\u1edbc giao di\u1ec7n c\u1ee7a th\u00f4ng b\u00e1o th\u00e0nh c\u00f4ng<\/h3><h3>\u0110\u00e2y l\u00e0 b\u1ea3n xem tr\u01b0\u1edbc giao di\u1ec7n c\u1ee7a th\u00f4ng b\u00e1o l\u1ed7i<\/h3><input type=\"hidden\" id=\"_wpnonce_contact\" name=\"_wpnonce_contact\" value=\"aa2a371096\" \/><input type=\"hidden\" name=\"_wp_http_referer\" value=\"\/en\/?page_id=17913&#038;fl_builder\" \/><input type=\"hidden\" name=\"action\" value=\"content_form_submit\" \/><input type=\"hidden\" name=\"form-type\" value=\"contact\" \/><input type=\"hidden\" name=\"form-builder\" value=\"beaver\" \/><input type=\"hidden\" name=\"post-id\" value=\"17913\" \/><input type=\"hidden\" name=\"form-id\" value=\"\" \/><fieldset><input type=\"text\" name=\"data[][name]\" id=\"data[][name]\" required=\"required\" placeholder=\"T\u00ean c\u1ee7a b\u1ea1n\"\"><\/fieldset><fieldset><input type=\"text\" name=\"data[][company]\" id=\"data[][company]\" required=\"required\" placeholder=\"C\u00f4ng ty c\u1ee7a b\u1ea1n \"\"><\/fieldset><fieldset><input type=\"text\" name=\"data[][email]\" id=\"data[][email]\" required=\"required\" placeholder=\"\u0110i\u0323a chi\u0309 email\"\"><\/fieldset><fieldset><textarea name=\"data[][message]\" id=\"data[][message]\" required=\"required\" placeholder=\"L\u00e0m th\u1ebf n\u00e0o ch\u00fang t\u00f4i c\u00f3 th\u1ec3 gi\u00fap b\u1ea1n?\" cols=\"30\" rows=\"5\"><\/textarea><\/fieldset><fieldset><button type=\"submit\" name=\"submit\" value=\"submit-contact-\">G\u1eedi tin nh\u1eafn<\/button><\/fieldset><\/form>","protected":false},"excerpt":{"rendered":"<p>Product Description JLF76-04 Material:\u00a0304 Stainless Steel Finished:\u00a0Hairline Get A Quote Why JIALIFU is better Since its establishment in 2001, Jialifu has been specializing in the design and manufacture of toilet cubicles, vanities, storage cabinets, IPS duct panels, and doors for commercial projects. We have passed\u00a0ISO9001, ISO14001, ISO45001, FSC certification, SGS, Intertek, TUV\u00a0test report, national high-tech&hellip;&nbsp;<a href=\"https:\/\/www.jialifu.vn\/vi\/phan-cung-vach-ngan-nha-ve-sinh\/jlf88-04-2-ban-sao\/\" rel=\"bookmark\">Read More &raquo;<span class=\"screen-reader-text\">X\u1eec L\u00dd JLF76-04<\/span><\/a><\/p>","protected":false},"author":2,"featured_media":0,"parent":15210,"menu_order":0,"comment_status":"closed","ping_status":"closed","template":"page-templates\/template-pagebuilder-full-width.php","meta":{"neve_meta_sidebar":"full-width","neve_meta_container":"","neve_meta_enable_content_width":"on","neve_meta_content_width":100,"neve_meta_title_alignment":"","neve_meta_author_avatar":"","neve_post_elements_order":"","neve_meta_disable_header":"","neve_meta_disable_footer":"","neve_meta_disable_title":"","neve_meta_reading_time":"","_ti_tpc_template_sync":false,"_ti_tpc_template_id":"","footnotes":""},"class_list":["post-17913","page","type-page","status-publish","hentry"],"_links":{"self":[{"href":"https:\/\/www.jialifu.vn\/vi\/wp-json\/wp\/v2\/pages\/17913","targetHints":{"allow":["GET"]}}],"collection":[{"href":"https:\/\/www.jialifu.vn\/vi\/wp-json\/wp\/v2\/pages"}],"about":[{"href":"https:\/\/www.jialifu.vn\/vi\/wp-json\/wp\/v2\/types\/page"}],"author":[{"embeddable":true,"href":"https:\/\/www.jialifu.vn\/vi\/wp-json\/wp\/v2\/users\/2"}],"replies":[{"embeddable":true,"href":"https:\/\/www.jialifu.vn\/vi\/wp-json\/wp\/v2\/comments?post=17913"}],"version-history":[{"count":0,"href":"https:\/\/www.jialifu.vn\/vi\/wp-json\/wp\/v2\/pages\/17913\/revisions"}],"up":[{"embeddable":true,"href":"https:\/\/www.jialifu.vn\/vi\/wp-json\/wp\/v2\/pages\/15210"}],"wp:attachment":[{"href":"https:\/\/www.jialifu.vn\/vi\/wp-json\/wp\/v2\/media?parent=17913"}],"curies":[{"name":"wp","href":"https:\/\/api.w.org\/{rel}","templated":true}]}}