{"id":4345,"date":"2021-06-01T07:04:52","date_gmt":"2021-06-01T07:04:52","guid":{"rendered":"https:\/\/www.jialifucubicle.com\/?page_id=4345"},"modified":"2024-03-23T16:43:44","modified_gmt":"2024-03-23T08:43:44","slug":"vach-ngan-ve-sinh-compact","status":"publish","type":"page","link":"https:\/\/www.jialifu.vn\/vi\/vach-ngan-ve-sinh-compact\/","title":{"rendered":"Bu\u1ed3ng v\u1ec7 sinh laminate nh\u1ecf g\u1ecdn"},"content":{"rendered":"<h1>\n\t\t<a href=\"https:\/\/www.jialifu.vn\/vi\/vach-ngan-ve-sinh-compact\/\" title=\"Bu\u1ed3ng v\u1ec7 sinh laminate nh\u1ecf g\u1ecdn\" target=\"_blank\" rel=\"noopener nofollow\">\n\t\tBu\u1ed3ng v\u1ec7 sinh laminate nh\u1ecf g\u1ecdn\n\t\t<\/a>\n\t<\/h1>\n<h4>\n\t\tChi ph\u00ed hi\u1ec7u qu\u1ea3 nh\u1ea5t\n\t<\/h4>\n\t<p>Ch\u1ed1ng n\u01b0\u1edbc, ch\u1ed1ng ch\u00e1y v\u00e0 ch\u1ed1ng va \u0111\u1eadp, tu\u1ed5i th\u1ecd s\u1eed d\u1ee5ng t\u1eeb 10-20 n\u0103m.<\/p>\n\t\t\t<a href=\"https:\/\/www.jialifu.vn\/vi\/lien-lac\/\" target=\"_blank\" rel=\"noopener nofollow\">\n\t\t\t\t\t\t\tNh\u1eadn c\u00e1i n\u00e0y ngay h\u00f4m nay\n\t\t\t<\/a>\n\t\t\t\t<a href=\"https:\/\/www.jialifu.vn\/vi\/vach-ngan-ve-sinh-compact\/\" target=\"_blank\" rel=\"noopener nofollow\" itemprop=\"url\">\n\t\t\t\t<img decoding=\"async\" src=\"https:\/\/jialifu.vn\/wp-content\/uploads\/2021\/06\/Compact-Laminate-Board-Toilet-Cubicle.jpg\" alt=\"T\u1ee7 v\u1ec7 sinh b\u1eb1ng v\u00e1n \u00e9p nh\u1ecf g\u1ecdn\" itemprop=\"image\" title=\"T\u1ee7 v\u1ec7 sinh b\u1eb1ng v\u00e1n \u00e9p nh\u1ecf g\u1ecdn\" onerror=\"this.style.display='none'\"  \/>\n\t\t\t\t<\/a>\n\t\t\t\t<a href=\"https:\/\/www.jialifu.vn\/wp-content\/uploads\/2021\/06\/Compact-Laminate-Toilet-Cubicles-2.jpg\" target=\"_self\" itemprop=\"url\" rel=\"noopener\">\n\t\t\t\t<img decoding=\"async\" src=\"https:\/\/jialifu.vn\/wp-content\/uploads\/2021\/06\/Compact-Laminate-Toilet-Cubicles-2.jpg\" alt=\"T\u1ee7 v\u1ec7 sinh laminate nh\u1ecf g\u1ecdn 2\" itemprop=\"image\" title=\"T\u1ee7 v\u1ec7 sinh laminate nh\u1ecf g\u1ecdn 2\" onerror=\"this.style.display='none'\"  \/>\n\t\t\t\t<\/a>\n\t\t\t\t<a href=\"https:\/\/www.jialifu.vn\/wp-content\/uploads\/2021\/06\/compact-laminate-toilet-cubicle-1-1.jpg\" target=\"_self\" itemprop=\"url\" rel=\"noopener\">\n\t\t\t\t<img decoding=\"async\" src=\"https:\/\/jialifu.vn\/wp-content\/uploads\/2021\/06\/compact-laminate-toilet-cubicle-1-1.jpg\" alt=\"v\u00e1ch v\u1ec7 sinh laminate nh\u1ecf g\u1ecdn 1\" itemprop=\"image\" title=\"v\u00e1ch v\u1ec7 sinh laminate nh\u1ecf g\u1ecdn 1\" onerror=\"this.style.display='none'\"  \/>\n\t\t\t\t<\/a>\n\t\t\t\t<img decoding=\"async\" src=\"https:\/\/jialifu.vn\/wp-content\/uploads\/2021\/06\/compact-laminate-toilet-cubicle-2-1.jpg\" alt=\"v\u00e1ch v\u1ec7 sinh laminate nh\u1ecf g\u1ecdn 2\" itemprop=\"image\" title=\"v\u00e1ch v\u1ec7 sinh laminate nh\u1ecf g\u1ecdn 2\" onerror=\"this.style.display='none'\"  \/>\n<h6>\n\t\tKh\u00f4ng th\u1ea5m n\u01b0\u1edbc\n\t<\/h6>\n<h6>\n\t\tKh\u1ea3 n\u0103ng ch\u1ed1ng x\u01b0\u1edbc\n\t<\/h6>\n<h6>\n\t\tv\u00f4 h\u1ea1i\n\t<\/h6>\n<h6>\n\t\tM\u00f4i tr\u01b0\u1eddng\n\t<\/h6>\n<h6>\n\t\tCh\u1ed1ng ch\u00e1y\n\t<\/h6>\n<h6>\n\t\tD\u1ec5 d\u00e0ng l\u00e0m s\u1ea1ch\n\t<\/h6>\n\t\t\t\t<img decoding=\"async\" src=\"https:\/\/www.jialifucubicle.com\/wp-content\/uploads\/2021\/06\/compact-laminate-1.jpg\" alt=\"g\u1ed7 \u00e9p nh\u1ecf g\u1ecdn\" itemprop=\"image\" title=\"g\u1ed7 \u00e9p nh\u1ecf g\u1ecdn\" onerror=\"this.style.display='none'\"  \/>\n<h2>\n\t\tLaminate nh\u1ecf g\u1ecdn\u00a0\n\t<\/h2>\n\t<p>V\u00e1n \u00e9p compact c\u00f2n \u0111\u01b0\u1ee3c g\u1ecdi l\u00e0 v\u00e1n HPL, v\u00e1n Phenolic. N\u00f3 \u0111\u01b0\u1ee3c l\u00e0m b\u1eb1ng nh\u1ef1a phenolic ho\u1eb7c urethane da b\u00f2 nhi\u1ec1u l\u1edbp m\u00e0u \u0111en ho\u1eb7c n\u00e2u, gi\u1ea5y m\u00e0u trang tr\u00ed hai m\u1eb7t nh\u00fang trong nh\u1ef1a melamine, \u00e9p v\u00e0 \u00e9p tr\u00ean t\u1ea5m th\u00e9p 150\u00b0C \u1edf \u00e1p su\u1ea5t cao (1430psi).<\/p>\n<p>\u0110\u00f3 l\u00e0 kh\u1ea3 n\u0103ng ch\u1ed1ng n\u01b0\u1edbc, ch\u1ed1ng ch\u00e1y, ch\u1ed1ng va \u0111\u1eadp, d\u1ec5 lau ch\u00f9i, ch\u1ea5t l\u01b0\u1ee3ng v\u00e0 \u0111\u1ed9 b\u1ec1n \u0111\u00e1ng tin c\u1eady. \u0110\u1eb7c bi\u1ec7t th\u00edch h\u1ee3p cho s\u00e2n bay, nh\u00e0 ga, b\u1ec7nh vi\u1ec7n, tr\u01b0\u1eddng h\u1ecdc, t\u00f2a nh\u00e0 v\u0103n ph\u00f2ng, trung t\u00e2m mua s\u1eafm, s\u00e2n v\u1eadn \u0111\u1ed9ng v\u00e0 nh\u1eefng n\u01a1i kh\u00e1c c\u00f3 l\u01b0u l\u01b0\u1ee3ng giao th\u00f4ng cao.<\/p>\n<p><strong>\u0110\u1ed9 d\u00e0y c\u00f3 s\u1eb5n: 12mm-25mm<\/strong><\/p>\n<h2>\n\t\tTh\u00f4ng s\u1ed1 k\u1ef9 thu\u1eadt c\u00f3 th\u1ec3 t\u00f9y ch\u1ec9nh\n\t<\/h2>\n\t\t\t\t\tMax Height\n\t\t\t\t\t4,200mm\t\t\t\t\n\t\t\t\t\tMax Depth\n\t\t\t\t\t1,800mm+\t\t\t\t\n<h2>\n\t\tPhong c\u00e1ch c\u1ed5 \u0111i\u1ec3n\n\t<\/h2>\n\t\t\t\t<img decoding=\"async\" src=\"https:\/\/jialifu.vn\/wp-content\/uploads\/2021\/06\/Headrail-Braced-Toilet-Cubicle.jpg\" alt=\"Bu\u1ed3ng v\u1ec7 sinh c\u00f3 thanh gi\u1eb1ng \u0111\u1ea7u lan can\" itemprop=\"image\" title=\"Bu\u1ed3ng v\u1ec7 sinh c\u00f3 thanh gi\u1eb1ng \u0111\u1ea7u lan can\" onerror=\"this.style.display='none'\"  \/>\n\t<h3>\n\t\t\t\t\tlan can gi\u1eb1ng\n\t\t\t\t<\/h3>\n\t\t\t<p><strong>Chi\u1ec1u cao t\u1ed1i \u0111a:<\/strong> 2400mm<strong>\u0110\u1ec1 xu\u1ea5t \u0111\u1ed9 s\u00e2u:<\/strong> 1500-1800mm<br \/><strong>Gi\u1ea3i ph\u00f3ng m\u1eb7t b\u1eb1ng:<\/strong> t\u1ed1i thi\u1ec3u 10 mm <strong>X\u1eed l\u00fd c\u1ea1nh:<\/strong> Arris &amp; Radius bullnose<strong>Ph\u1ea7n c\u1ee9ng<\/strong>Aluminum\/S.S. headrailS.S. , aluminum or zinc alloy hingesL bracket or U rail\u00a0 wall fixing<strong>B\u1ec7 \u0111\u1ee1<\/strong>Ch\u00e2n t\u01b0\u1eddng b\u1eb1ng th\u00e9p kh\u00f4ng g\u1ec9<\/p>\t\t\n\t\t\t\t<img decoding=\"async\" src=\"https:\/\/jialifu.vn\/wp-content\/uploads\/2021\/06\/Floor-Anchored-Toilet-Cubicle.jpg\" alt=\"S\u00e0n nh\u00e0 v\u1ec7 sinh neo\" itemprop=\"image\" title=\"S\u00e0n nh\u00e0 v\u1ec7 sinh neo\" onerror=\"this.style.display='none'\"  \/>\n\t<h3>\n\t\t\t\t\tS\u00e0n neo\n\t\t\t\t<\/h3>\n\t\t\t<p><strong>Chi\u1ec1u cao t\u1ed1i \u0111a:<\/strong> 2100mm<strong>\u0110\u1ec1 xu\u1ea5t \u0111\u1ed9 s\u00e2u:<\/strong> 1500-1800mm<br \/><strong>Gi\u1ea3i ph\u00f3ng m\u1eb7t b\u1eb1ng:<\/strong> t\u1ed1i thi\u1ec3u 10 mm <strong>X\u1eed l\u00fd c\u1ea1nh:<\/strong> Arris &amp; Radius bullnose<strong>Ph\u1ea7n c\u1ee9ng<\/strong>S.S. , aluminum or zinc alloy hingesL bracket or U rail\u00a0 wall fixing<strong>B\u1ec7 \u0111\u1ee1<\/strong>Ch\u00e2n t\u01b0\u1eddng b\u1eb1ng th\u00e9p kh\u00f4ng g\u1ec9<\/p>\t\t\n\t\t\t\t<img decoding=\"async\" src=\"https:\/\/jialifu.vn\/wp-content\/uploads\/2021\/06\/Floor-to-Ceiling-Toilet-Cubicle.jpg\" alt=\"T\u1ee7 v\u1ec7 sinh t\u1eeb s\u00e0n \u0111\u1ebfn tr\u1ea7n\" itemprop=\"image\" title=\"T\u1ee7 v\u1ec7 sinh t\u1eeb s\u00e0n \u0111\u1ebfn tr\u1ea7n\" onerror=\"this.style.display='none'\"  \/>\n\t<h3>\n\t\t\t\t\ts\u00e0n \u0111\u1ebfn tr\u1ea7n\n\t\t\t\t<\/h3>\n\t\t\t<p><strong>Chi\u1ec1u cao t\u1ed1i \u0111a:<\/strong> 4200mm<strong>\u0110\u1ec1 xu\u1ea5t \u0111\u1ed9 s\u00e2u:<\/strong> 1500-1800mm<br \/><strong>Gi\u1ea3i ph\u00f3ng m\u1eb7t b\u1eb1ng:<\/strong> t\u1ed1i thi\u1ec3u 10 mm <strong>X\u1eed l\u00fd c\u1ea1nh:<\/strong> Arris &amp; Radius bullnose<strong>Ph\u1ea7n c\u1ee9ng<\/strong>S.S. , aluminum or zinc alloy hingesL bracket or U rail\u00a0 wall fixing<strong>B\u1ec7 \u0111\u1ee1<\/strong>Ch\u00e2n t\u01b0\u1eddng b\u1eb1ng th\u00e9p kh\u00f4ng g\u1ec9<\/p>\t\t\n\t\t\t\t<img decoding=\"async\" src=\"https:\/\/jialifu.vn\/wp-content\/uploads\/2021\/06\/Ceiling-Hung-Toilet-Cubicle.jpg\" alt=\"Bu\u1ed3ng v\u1ec7 sinh Tr\u1ea7n H\u01b0ng\" itemprop=\"image\" title=\"Bu\u1ed3ng v\u1ec7 sinh Tr\u1ea7n H\u01b0ng\" onerror=\"this.style.display='none'\"  \/>\n\t<h3>\n\t\t\t\t\tKho\u00e1 tr\u00e9n tr\u1ea7n\n\t\t\t\t<\/h3>\n\t\t\t<p><strong>Chi\u1ec1u cao t\u1ed1i \u0111a:<\/strong> 3000mm<strong>\u0110\u1ec1 xu\u1ea5t \u0111\u1ed9 s\u00e2u:<\/strong> 1500-1800mm<br \/><strong>Gi\u1ea3i ph\u00f3ng m\u1eb7t b\u1eb1ng:<\/strong> 150mm<strong>X\u1eed l\u00fd c\u1ea1nh:<\/strong> Arris &amp; Radius bullnose<strong>Ph\u1ea7n c\u1ee9ng<\/strong>S.S. , aluminum or zinc alloy hingesL bracket or U rail\u00a0 wall fixing<strong>Nh\u1eadn x\u00e9t<\/strong>N\u00ean ho\u00e0n thi\u1ec7n tr\u1ea7n sau v\u00e1ch ng\u0103n v\u1ec7 sinh<\/p>\t\t\n<h2>\n\t\tPh\u1ea7n c\u1ee9ng bu\u1ed3ng v\u1ec7 sinh\n\t<\/h2>\n\t<p>Jialifu c\u00f3 nhi\u1ec1u lo\u1ea1i ph\u1ea7n c\u1ee9ng kh\u00e1c nhau d\u00e0nh cho b\u1ea1n, v\u1eadt li\u1ec7u c\u00f3 th\u1ec3 l\u00e0 h\u1ee3p kim nh\u00f4m, h\u1ee3p kim k\u1ebdm, th\u00e9p kh\u00f4ng g\u1ec9 304 ho\u1eb7c 316.<\/p>\n\t\t\t\t<img decoding=\"async\" src=\"https:\/\/jialifu.vn\/wp-content\/uploads\/2021\/07\/door-treatment.jpg\" alt=\"x\u1eed l\u00fd c\u1eeda\" itemprop=\"image\" title=\"x\u1eed l\u00fd c\u1eeda\" onerror=\"this.style.display='none'\"  \/>\n<h5>\n\t\tX\u1eed l\u00fd c\u1eeda kh\u00f4ng c\u00f3 khe h\u1edf\n\t<\/h5>\n\t\t\t\t<img decoding=\"async\" src=\"https:\/\/jialifu.vn\/wp-content\/uploads\/2021\/06\/Hinge.jpg\" alt=\"Kh\u1edbp n\u1ed1i\" itemprop=\"image\" title=\"Kh\u1edbp n\u1ed1i\" onerror=\"this.style.display='none'\"  \/>\n<h5>\n\t\tG\u00f3c m\u1edf 15, 30, 45, 60, 75, 90, 105\n\t<\/h5>\n\t\t\t\t<img decoding=\"async\" src=\"https:\/\/jialifu.vn\/wp-content\/uploads\/2021\/06\/Supporting-Leg.jpg\" alt=\"H\u1ed7 tr\u1ee3 ch\u00e2n\" itemprop=\"image\" title=\"H\u1ed7 tr\u1ee3 ch\u00e2n\" onerror=\"this.style.display='none'\"  \/>\n\t\tH\u1ed7 tr\u1ee3 ch\u00e2n\n\t\t\t\t<img decoding=\"async\" src=\"https:\/\/jialifu.vn\/wp-content\/uploads\/2021\/06\/SS-Shoe-Box.jpg\" alt=\"H\u1ed9p \u0111\u1ef1ng gi\u00e0y SS\" itemprop=\"image\" title=\"H\u1ed9p \u0111\u1ef1ng gi\u00e0y SS\" onerror=\"this.style.display='none'\"  \/>\n\t\tH\u1ed9p \u0111\u1ef1ng gi\u00e0y SS\n\t\t\t\t<img decoding=\"async\" src=\"https:\/\/jialifu.vn\/wp-content\/uploads\/2021\/06\/Aluminum-shoe-box.jpg\" alt=\"H\u1ed9p gi\u00e0y nh\u00f4m\" itemprop=\"image\" title=\"H\u1ed9p gi\u00e0y nh\u00f4m\" onerror=\"this.style.display='none'\"  \/>\n\t\tH\u1ed9p gi\u00e0y nh\u00f4m\n\t\t\t\t<img decoding=\"async\" src=\"https:\/\/jialifu.vn\/wp-content\/uploads\/2021\/06\/U-Rail.jpg\" alt=\"\u0110\u01b0\u1eddng s\u1eaft U\" itemprop=\"image\" title=\"\u0110\u01b0\u1eddng s\u1eaft U\" onerror=\"this.style.display='none'\"  \/>\n\t\t\u0110\u01b0\u1eddng s\u1eaft U\n\t\t\t\t<img decoding=\"async\" src=\"https:\/\/jialifu.vn\/wp-content\/uploads\/2021\/06\/U-Code.jpg\" alt=\"M\u00e3 U\" itemprop=\"image\" title=\"M\u00e3 U\" onerror=\"this.style.display='none'\"  \/>\n\t\tM\u00e3 U\n<h5>\n\t\tT\u00f9y ch\u1ecdn b\u1ec7\n\t<\/h5>\n<h2>\n\t\tC\u00e1c tr\u01b0\u1eddng h\u1ee3p n\u1ed5i b\u1eadt\n\t<\/h2>\n\t\t\t<a href=\"https:\/\/www.jialifu.vn\/vi\/cac-truong-hop\/\" target=\"_blank\" role=\"button\" rel=\"noopener\">\n\t\t\t\t\t\txem th\u00eam tr\u01b0\u1eddng h\u1ee3p\n\t\t<\/a>\n\t\t\t\t<a href=\"https:\/\/www.jialifu.vn\/vi\/truong-hop\/trung-tam-mua-sam-dai-lo-oman\/\" target=\"_blank\" rel=\"noopener nofollow\" itemprop=\"url\">\n\t\t\t\t<img decoding=\"async\" src=\"https:\/\/jialifu.vn\/wp-content\/uploads\/2021\/06\/Oman-Avenue-Mall.jpg\" alt=\"Trung t\u00e2m th\u01b0\u01a1ng m\u1ea1i \u0111\u1ea1i l\u1ed9 Oman\" itemprop=\"image\" title=\"Trung t\u00e2m th\u01b0\u01a1ng m\u1ea1i \u0111\u1ea1i l\u1ed9 Oman\" onerror=\"this.style.display='none'\"  \/>\n\t\t\t\t<\/a>\n\t<h3>\n\t\t\t\t\t<a href=\"https:\/\/www.jialifu.vn\/vi\/truong-hop\/trung-tam-mua-sam-dai-lo-oman\/\" title=\"Trung t\u00e2m th\u01b0\u01a1ng m\u1ea1i \u0111\u1ea1i l\u1ed9 Oman\" target=\"_blank\" rel=\"noopener nofollow\">\n\t\t\t\t\t\tTrung t\u00e2m th\u01b0\u01a1ng m\u1ea1i \u0111\u1ea1i l\u1ed9 Oman\n\t\t\t\t\t\t<\/a>\n\t\t\t<\/h3>\n\t\t\t<p>H\u1ed9p \u0111\u1ef1ng b\u1ed3n c\u1ea7u b\u1eb1ng g\u1ed7 \u00e9p nh\u1ecf g\u1ecdn \u1edf Oman<\/p>\t\t\n\t\t\t\t<a href=\"https:\/\/www.jialifu.vn\/vi\/truong-hop\/nishat-emporium-mall\/\" target=\"_blank\" rel=\"noopener nofollow\" itemprop=\"url\">\n\t\t\t\t<img decoding=\"async\" src=\"https:\/\/jialifu.vn\/wp-content\/uploads\/2021\/06\/Nishat-Emporium-Mall-1.jpg\" alt=\"Trung t\u00e2m mua s\u1eafm Nishat Emporium\" itemprop=\"image\" title=\"Trung t\u00e2m mua s\u1eafm Nishat Emporium\" onerror=\"this.style.display='none'\"  \/>\n\t\t\t\t<\/a>\n\t<h3>\n\t\t\t\t\t<a href=\"https:\/\/www.jialifu.vn\/vi\/truong-hop\/nishat-emporium-mall\/\" title=\"Trung t\u00e2m mua s\u1eafm Nishat Emporium\" target=\"_blank\" rel=\"noopener nofollow\">\n\t\t\t\t\t\tTrung t\u00e2m mua s\u1eafm Nishat Emporium\n\t\t\t\t\t\t<\/a>\n\t\t\t<\/h3>\n\t\t\t<p>H\u1ed9p \u0111\u1ef1ng b\u1ed3n c\u1ea7u b\u1eb1ng g\u1ed7 \u00e9p nh\u1ecf g\u1ecdn \u1edf Pakistan<\/p>\t\t\n\t<h2>\n\t\t\t\t\tC\u1ea7n gi\u00fap \u0111\u1ee1? G\u1eedi cho ch\u00fang t\u00f4i m\u1ed9t tin nh\u1eafn \u0111\u1ec3 b\u1eaft \u0111\u1ea7u d\u1ef1 \u00e1n c\u1ee7a b\u1ea1n\n\t\t\t\t<\/h2>\n\t\t\t<p>B\u1ea1n kh\u00f4ng ch\u1eafc c\u00e1i n\u00e0o ph\u00f9 h\u1ee3p v\u1edbi m\u00ecnh? C\u00e2u h\u1ecfi v\u1ec1 c\u00e0i \u0111\u1eb7t, th\u00f4ng s\u1ed1 k\u1ef9 thu\u1eadt ho\u1eb7c thi\u1ebft k\u1ebf? Li\u00ean h\u1ec7 v\u1edbi \u0111\u1ed9i ng\u0169 th\u00e2n thi\u1ec7n c\u1ee7a ch\u00fang t\u00f4i \u0111\u1ec3 \u0111\u01b0\u1ee3c t\u01b0 v\u1ea5n k\u1ef9 thu\u1eadt v\u00e0 mua h\u00e0ng ngay b\u00e2y gi\u1edd.<\/p>\t\t\n\t\t\t\t<a href=\"https:\/\/www.facebook.com\/washroomspacesolutions\" target=\"_blank\" rel=\"noopener nofollow\" itemprop=\"url\">\n\t\t\t\t<img decoding=\"async\" src=\"https:\/\/jialifu.vn\/wp-content\/uploads\/2022\/09\/icons8-facebook-circled-96.png\" alt=\"Facebook\" itemprop=\"image\" title=\"icon8-facebook-khoanh-96\" onerror=\"this.style.display='none'\"  \/>\n\t\t\t\t<\/a>\n\t\t\t\t<a href=\"https:\/\/twitter.com\/Jialifu_cubicle\" target=\"_blank\" rel=\"noopener nofollow\" itemprop=\"url\">\n\t\t\t\t<img decoding=\"async\" src=\"https:\/\/jialifu.vn\/wp-content\/uploads\/2022\/09\/icons8-twitter-circled-96.png\" alt=\"Twitter\" itemprop=\"image\" title=\"icon8-twitter-circled-96\" onerror=\"this.style.display='none'\"  \/>\n\t\t\t\t<\/a>\n\t\t\t\t<a href=\"https:\/\/www.linkedin.com\/company\/toiletpartition\/\" target=\"_blank\" rel=\"noopener nofollow\" itemprop=\"url\">\n\t\t\t\t<img decoding=\"async\" src=\"https:\/\/jialifu.vn\/wp-content\/uploads\/2022\/09\/icons8-linkedin-circled-96.png\" alt=\"linkin\" itemprop=\"image\" title=\"icon8-linkedin-circled-96\" onerror=\"this.style.display='none'\"  \/>\n\t\t\t\t<\/a>\n<form action=\"https:\/\/www.jialifu.vn\/wp-admin\/admin-post.php\" method=\"post\" name=\"content-form-\" id=\"content-form-\"><h3>\u0110\u00e2y l\u00e0 b\u1ea3n xem tr\u01b0\u1edbc giao di\u1ec7n c\u1ee7a th\u00f4ng b\u00e1o th\u00e0nh c\u00f4ng<\/h3><h3>\u0110\u00e2y l\u00e0 b\u1ea3n xem tr\u01b0\u1edbc giao di\u1ec7n c\u1ee7a th\u00f4ng b\u00e1o l\u1ed7i<\/h3><input type=\"hidden\" id=\"_wpnonce_contact\" name=\"_wpnonce_contact\" value=\"86e8eb5c21\" \/><input type=\"hidden\" name=\"_wp_http_referer\" value=\"\/en\/?page_id=4345&#038;fl_builder\" \/><input type=\"hidden\" name=\"action\" value=\"content_form_submit\" \/><input type=\"hidden\" name=\"form-type\" value=\"contact\" \/><input type=\"hidden\" name=\"form-builder\" value=\"beaver\" \/><input type=\"hidden\" name=\"post-id\" value=\"4345\" \/><input type=\"hidden\" name=\"form-id\" value=\"\" \/><fieldset><input type=\"text\" name=\"data[][name]\" id=\"data[][name]\" required=\"required\" placeholder=\"T\u00ean c\u1ee7a b\u1ea1n\"\"><\/fieldset><fieldset><input type=\"text\" name=\"data[][company]\" id=\"data[][company]\" required=\"required\" placeholder=\"C\u00f4ng ty c\u1ee7a b\u1ea1n \"\"><\/fieldset><fieldset><input type=\"text\" name=\"data[][email]\" id=\"data[][email]\" required=\"required\" placeholder=\"\u0110i\u0323a chi\u0309 email\"\"><\/fieldset><fieldset><textarea name=\"data[][message]\" id=\"data[][message]\" required=\"required\" placeholder=\"L\u00e0m th\u1ebf n\u00e0o ch\u00fang t\u00f4i c\u00f3 th\u1ec3 gi\u00fap b\u1ea1n?\" cols=\"30\" rows=\"5\"><\/textarea><\/fieldset><fieldset><button type=\"submit\" name=\"submit\" value=\"submit-contact-\">G\u1eedi tin nh\u1eafn<\/button><\/fieldset><\/form>","protected":false},"excerpt":{"rendered":"<p>Compact Laminate Toilet Cubicles Most Cost Effective Waterproof, fireproof and impact resistant, with a service life of 10-20 years. Get this today Waterproof Scratch Resistant Harmless Environmental Flame Retardant Easy Clean Compact Laminate\u00a0 The compact laminate board is also called HPL board, Phenolic board. It is made of multi-layer black or brown cowhide phenolic or&hellip;&nbsp;<a href=\"https:\/\/www.jialifu.vn\/vi\/vach-ngan-ve-sinh-compact\/\" rel=\"bookmark\">Read More &raquo;<span class=\"screen-reader-text\">Bu\u1ed3ng v\u1ec7 sinh laminate nh\u1ecf g\u1ecdn<\/span><\/a><\/p>","protected":false},"author":2,"featured_media":0,"parent":0,"menu_order":0,"comment_status":"closed","ping_status":"closed","template":"page-templates\/template-pagebuilder-full-width.php","meta":{"neve_meta_sidebar":"full-width","neve_meta_container":"","neve_meta_enable_content_width":"on","neve_meta_content_width":100,"neve_meta_title_alignment":"","neve_meta_author_avatar":"","neve_post_elements_order":"","neve_meta_disable_header":"","neve_meta_disable_footer":"","neve_meta_disable_title":"","neve_meta_reading_time":"","_ti_tpc_template_sync":false,"_ti_tpc_template_id":"","footnotes":""},"class_list":["post-4345","page","type-page","status-publish","hentry"],"_links":{"self":[{"href":"https:\/\/www.jialifu.vn\/vi\/wp-json\/wp\/v2\/pages\/4345","targetHints":{"allow":["GET"]}}],"collection":[{"href":"https:\/\/www.jialifu.vn\/vi\/wp-json\/wp\/v2\/pages"}],"about":[{"href":"https:\/\/www.jialifu.vn\/vi\/wp-json\/wp\/v2\/types\/page"}],"author":[{"embeddable":true,"href":"https:\/\/www.jialifu.vn\/vi\/wp-json\/wp\/v2\/users\/2"}],"replies":[{"embeddable":true,"href":"https:\/\/www.jialifu.vn\/vi\/wp-json\/wp\/v2\/comments?post=4345"}],"version-history":[{"count":0,"href":"https:\/\/www.jialifu.vn\/vi\/wp-json\/wp\/v2\/pages\/4345\/revisions"}],"wp:attachment":[{"href":"https:\/\/www.jialifu.vn\/vi\/wp-json\/wp\/v2\/media?parent=4345"}],"curies":[{"name":"wp","href":"https:\/\/api.w.org\/{rel}","templated":true}]}}